{"id":1143,"date":"2026-05-11T19:50:48","date_gmt":"2026-05-11T17:50:48","guid":{"rendered":"https:\/\/latinnrock.fr\/?page_id=1143"},"modified":"2026-05-11T19:57:22","modified_gmt":"2026-05-11T17:57:22","slug":"chrystelle-cau","status":"publish","type":"page","link":"https:\/\/latinnrock.fr\/index.php\/chrystelle-cau\/","title":{"rendered":"Chrystelle CAU"},"content":{"rendered":"<div class=\"wp-block-image\">\n<figure class=\"aligncenter size-full is-resized\"><img loading=\"lazy\" decoding=\"async\" width=\"1024\" height=\"1024\" src=\"https:\/\/latinnrock.fr\/wp-content\/uploads\/2026\/05\/ChrystelleCau.jpeg\" alt=\"\" class=\"wp-image-1144\" style=\"width:326px;height:auto\" srcset=\"https:\/\/latinnrock.fr\/wp-content\/uploads\/2026\/05\/ChrystelleCau.jpeg 1024w, https:\/\/latinnrock.fr\/wp-content\/uploads\/2026\/05\/ChrystelleCau-300x300.jpeg 300w, https:\/\/latinnrock.fr\/wp-content\/uploads\/2026\/05\/ChrystelleCau-150x150.jpeg 150w, https:\/\/latinnrock.fr\/wp-content\/uploads\/2026\/05\/ChrystelleCau-768x768.jpeg 768w, https:\/\/latinnrock.fr\/wp-content\/uploads\/2026\/05\/ChrystelleCau-100x100.jpeg 100w\" sizes=\"auto, (max-width: 767px) 89vw, (max-width: 1000px) 54vw, (max-width: 1071px) 543px, 580px\" \/><\/figure>\n<\/div>\n\n\n<p>Chrystelle Cau danse depuis sa plus tendre enfance. Passionn\u00e9e par l\u2019univers de la danse sous toutes ses formes, elle a d\u00e9velopp\u00e9 au fil des ann\u00e9es une solide exp\u00e9rience artistique et p\u00e9dagogique.<\/p>\n\n\n\n<p>Depuis 2011, elle enseigne avec enthousiasme des cours de Dance Tonic, m\u00ealant des styles vari\u00e9s sur des rythmes latinos et g\u00e9n\u00e9ralistes, dans une ambiance dynamique, chaleureuse et conviviale. Gr\u00e2ce \u00e0 son \u00e9nergie communicative et \u00e0 sa bonne humeur, chaque cours devient un v\u00e9ritable moment de plaisir et de partage, accessible aussi bien aux adultes d\u00e9butants qu\u2019aux danseurs confirm\u00e9s.<\/p>\n\n\n\n<p>Soucieuse de transmettre sa passion avec cr\u00e9ativit\u00e9 et professionnalisme, Chrystelle est \u00e9galement chor\u00e9graphe et int\u00e8gre r\u00e9guli\u00e8rement ses propres cr\u00e9ations chor\u00e9graphiques \u00e0 ses cours, apportant ainsi une touche originale et artistique \u00e0 son enseignement.<\/p>\n\n\n\n<p>Son objectif est de faire d\u00e9couvrir la danse dans une atmosph\u00e8re motivante, festive et bienveillante, o\u00f9 chacun peut \u00e9voluer \u00e0 son rythme tout en prenant confiance en soi.<\/p>\n","protected":false},"excerpt":{"rendered":"<p>Chrystelle Cau danse depuis sa plus tendre enfance. Passionn\u00e9e par l\u2019univers de la danse sous toutes ses formes, elle a d\u00e9velopp\u00e9 au fil des ann\u00e9es une solide exp\u00e9rience artistique et p\u00e9dagogique. Depuis 2011, elle enseigne avec enthousiasme des cours de Dance Tonic, m\u00ealant des styles vari\u00e9s sur des rythmes latinos et g\u00e9n\u00e9ralistes, dans une ambiance &hellip; <\/p>\n<p class=\"link-more\"><a href=\"https:\/\/latinnrock.fr\/index.php\/chrystelle-cau\/\" class=\"more-link\">Continuer la lecture<span class=\"screen-reader-text\"> de &laquo;&nbsp;Chrystelle CAU&nbsp;&raquo;<\/span><\/a><\/p>\n","protected":false},"author":1,"featured_media":0,"parent":0,"menu_order":0,"comment_status":"closed","ping_status":"closed","template":"","meta":{"footnotes":""},"class_list":["post-1143","page","type-page","status-publish","hentry"],"_links":{"self":[{"href":"https:\/\/latinnrock.fr\/index.php\/wp-json\/wp\/v2\/pages\/1143","targetHints":{"allow":["GET"]}}],"collection":[{"href":"https:\/\/latinnrock.fr\/index.php\/wp-json\/wp\/v2\/pages"}],"about":[{"href":"https:\/\/latinnrock.fr\/index.php\/wp-json\/wp\/v2\/types\/page"}],"author":[{"embeddable":true,"href":"https:\/\/latinnrock.fr\/index.php\/wp-json\/wp\/v2\/users\/1"}],"replies":[{"embeddable":true,"href":"https:\/\/latinnrock.fr\/index.php\/wp-json\/wp\/v2\/comments?post=1143"}],"version-history":[{"count":2,"href":"https:\/\/latinnrock.fr\/index.php\/wp-json\/wp\/v2\/pages\/1143\/revisions"}],"predecessor-version":[{"id":1150,"href":"https:\/\/latinnrock.fr\/index.php\/wp-json\/wp\/v2\/pages\/1143\/revisions\/1150"}],"wp:attachment":[{"href":"https:\/\/latinnrock.fr\/index.php\/wp-json\/wp\/v2\/media?parent=1143"}],"curies":[{"name":"wp","href":"https:\/\/api.w.org\/{rel}","templated":true}]}}