{"id":123,"date":"2024-06-06T15:42:11","date_gmt":"2024-06-06T13:42:11","guid":{"rendered":"https:\/\/latinnrock.fr\/?page_id=123"},"modified":"2024-08-15T10:31:00","modified_gmt":"2024-08-15T08:31:00","slug":"les-salles","status":"publish","type":"page","link":"https:\/\/latinnrock.fr\/index.php\/les-salles\/","title":{"rendered":"La salle"},"content":{"rendered":"\n<p>Salle LA GALERIE MOOVE<br>12 rue Jean Rostand<br>Zone d&rsquo;activit\u00e9 des Clergous<br>81600 Gaillac<br>En face l&rsquo;entr\u00e9e de Rizzo<br>Entre BCN et ID CHARPENTE<br>C&rsquo;est le local aux baies vitr\u00e9es blanches<br>Pr\u00e8s du D\u00e9p\u00f4t<\/p>\n\n\n<div class=\"wp-block-image\">\n<figure class=\"aligncenter size-full\"><img loading=\"lazy\" decoding=\"async\" width=\"600\" height=\"450\" src=\"https:\/\/latinnrock.fr\/wp-content\/uploads\/2024\/06\/Salle1.jpg\" alt=\"\" class=\"wp-image-166\" srcset=\"https:\/\/latinnrock.fr\/wp-content\/uploads\/2024\/06\/Salle1.jpg 600w, https:\/\/latinnrock.fr\/wp-content\/uploads\/2024\/06\/Salle1-300x225.jpg 300w\" sizes=\"auto, (max-width: 600px) 100vw, 600px\" \/><\/figure>\n<\/div>\n\n\n<p class=\"has-luminous-vivid-amber-color has-text-color has-link-color has-large-font-size wp-elements-22e869f032d073c6b0de60cbaceee220\"><strong>Location de la salle<\/strong><\/p>\n\n\n\n<p class=\"has-black-color has-text-color has-link-color has-medium-font-size wp-elements-68cb61501052164ea790fac5019d3a64\">Salle \u00e0 louer de 160 M2<\/p>\n\n\n\n<p>dont 60 M2 d&rsquo;accueil qui comprennent : un accueil, un vestiaire, un WC .<\/p>\n\n\n\n<p>Une salle de danse ou autres  disciplines de 100 m2, sonoris\u00e9e et climatis\u00e9e. <\/p>\n\n\n\n<p>A louer \u00e0 l&rsquo;ann\u00e9e, \u00e0 la semaine, au week end et \u00e0 l&rsquo;\u00e9v\u00e9nement &#8230;&#8230;<\/p>\n\n\n\n<p>Tarif \u00e0 la demande de 17 \u00e0 20 euros de l&rsquo;heure, <\/p>\n\n\n\n<p>Tarif \u00e0 la demie journ\u00e9e, journ\u00e9e ou Week-end.<\/p>\n\n\n\n<p>Renseignements au 06 14 45 13 60 ou 06 43 53 97 46<\/p>\n\n\n\n<figure class=\"wp-block-gallery has-nested-images columns-default is-cropped wp-block-gallery-1 is-layout-flex wp-block-gallery-is-layout-flex\">\n<figure class=\"wp-block-image size-large\"><img loading=\"lazy\" decoding=\"async\" width=\"1024\" height=\"768\" data-id=\"919\" src=\"https:\/\/latinnrock.fr\/wp-content\/uploads\/2024\/08\/1000015599-1024x768.jpg\" alt=\"\" class=\"wp-image-919\" srcset=\"https:\/\/latinnrock.fr\/wp-content\/uploads\/2024\/08\/1000015599-1024x768.jpg 1024w, https:\/\/latinnrock.fr\/wp-content\/uploads\/2024\/08\/1000015599-300x225.jpg 300w, https:\/\/latinnrock.fr\/wp-content\/uploads\/2024\/08\/1000015599-768x576.jpg 768w, https:\/\/latinnrock.fr\/wp-content\/uploads\/2024\/08\/1000015599-1536x1152.jpg 1536w, https:\/\/latinnrock.fr\/wp-content\/uploads\/2024\/08\/1000015599.jpg 1600w\" sizes=\"auto, (max-width: 767px) 89vw, (max-width: 1000px) 54vw, (max-width: 1071px) 543px, 580px\" \/><\/figure>\n\n\n\n<figure class=\"wp-block-image size-large\"><img loading=\"lazy\" decoding=\"async\" width=\"1024\" height=\"768\" data-id=\"912\" src=\"https:\/\/latinnrock.fr\/wp-content\/uploads\/2024\/08\/1000015598-1024x768.jpg\" alt=\"\" class=\"wp-image-912\" srcset=\"https:\/\/latinnrock.fr\/wp-content\/uploads\/2024\/08\/1000015598-1024x768.jpg 1024w, https:\/\/latinnrock.fr\/wp-content\/uploads\/2024\/08\/1000015598-300x225.jpg 300w, https:\/\/latinnrock.fr\/wp-content\/uploads\/2024\/08\/1000015598-768x576.jpg 768w, https:\/\/latinnrock.fr\/wp-content\/uploads\/2024\/08\/1000015598-1536x1152.jpg 1536w, https:\/\/latinnrock.fr\/wp-content\/uploads\/2024\/08\/1000015598.jpg 1600w\" sizes=\"auto, (max-width: 767px) 89vw, (max-width: 1000px) 54vw, (max-width: 1071px) 543px, 580px\" \/><\/figure>\n\n\n\n<figure class=\"wp-block-image size-large\"><img loading=\"lazy\" decoding=\"async\" width=\"1024\" height=\"768\" data-id=\"913\" src=\"https:\/\/latinnrock.fr\/wp-content\/uploads\/2024\/08\/1000015597-1024x768.jpg\" alt=\"\" class=\"wp-image-913\" srcset=\"https:\/\/latinnrock.fr\/wp-content\/uploads\/2024\/08\/1000015597-1024x768.jpg 1024w, https:\/\/latinnrock.fr\/wp-content\/uploads\/2024\/08\/1000015597-300x225.jpg 300w, https:\/\/latinnrock.fr\/wp-content\/uploads\/2024\/08\/1000015597-768x576.jpg 768w, https:\/\/latinnrock.fr\/wp-content\/uploads\/2024\/08\/1000015597-1536x1152.jpg 1536w, https:\/\/latinnrock.fr\/wp-content\/uploads\/2024\/08\/1000015597.jpg 1600w\" sizes=\"auto, (max-width: 767px) 89vw, (max-width: 1000px) 54vw, (max-width: 1071px) 543px, 580px\" \/><\/figure>\n\n\n\n<figure class=\"wp-block-image size-large\"><img loading=\"lazy\" decoding=\"async\" width=\"1024\" height=\"768\" data-id=\"911\" src=\"https:\/\/latinnrock.fr\/wp-content\/uploads\/2024\/08\/1000015596-1024x768.jpg\" alt=\"\" class=\"wp-image-911\" srcset=\"https:\/\/latinnrock.fr\/wp-content\/uploads\/2024\/08\/1000015596-1024x768.jpg 1024w, https:\/\/latinnrock.fr\/wp-content\/uploads\/2024\/08\/1000015596-300x225.jpg 300w, https:\/\/latinnrock.fr\/wp-content\/uploads\/2024\/08\/1000015596-768x576.jpg 768w, https:\/\/latinnrock.fr\/wp-content\/uploads\/2024\/08\/1000015596-1536x1152.jpg 1536w, https:\/\/latinnrock.fr\/wp-content\/uploads\/2024\/08\/1000015596.jpg 1600w\" sizes=\"auto, (max-width: 767px) 89vw, (max-width: 1000px) 54vw, (max-width: 1071px) 543px, 580px\" \/><\/figure>\n\n\n\n<figure class=\"wp-block-image size-large\"><img loading=\"lazy\" decoding=\"async\" width=\"1024\" height=\"768\" data-id=\"914\" src=\"https:\/\/latinnrock.fr\/wp-content\/uploads\/2024\/08\/1000015595-1024x768.jpg\" alt=\"\" class=\"wp-image-914\" srcset=\"https:\/\/latinnrock.fr\/wp-content\/uploads\/2024\/08\/1000015595-1024x768.jpg 1024w, https:\/\/latinnrock.fr\/wp-content\/uploads\/2024\/08\/1000015595-300x225.jpg 300w, https:\/\/latinnrock.fr\/wp-content\/uploads\/2024\/08\/1000015595-768x576.jpg 768w, https:\/\/latinnrock.fr\/wp-content\/uploads\/2024\/08\/1000015595-1536x1152.jpg 1536w, https:\/\/latinnrock.fr\/wp-content\/uploads\/2024\/08\/1000015595.jpg 1600w\" sizes=\"auto, (max-width: 767px) 89vw, (max-width: 1000px) 54vw, (max-width: 1071px) 543px, 580px\" \/><\/figure>\n\n\n\n<figure class=\"wp-block-image size-large\"><img loading=\"lazy\" decoding=\"async\" width=\"1024\" height=\"768\" data-id=\"921\" src=\"https:\/\/latinnrock.fr\/wp-content\/uploads\/2024\/08\/1000015594-1024x768.jpg\" alt=\"\" class=\"wp-image-921\" srcset=\"https:\/\/latinnrock.fr\/wp-content\/uploads\/2024\/08\/1000015594-1024x768.jpg 1024w, https:\/\/latinnrock.fr\/wp-content\/uploads\/2024\/08\/1000015594-300x225.jpg 300w, https:\/\/latinnrock.fr\/wp-content\/uploads\/2024\/08\/1000015594-768x576.jpg 768w, https:\/\/latinnrock.fr\/wp-content\/uploads\/2024\/08\/1000015594-1536x1152.jpg 1536w, https:\/\/latinnrock.fr\/wp-content\/uploads\/2024\/08\/1000015594.jpg 1600w\" sizes=\"auto, (max-width: 767px) 89vw, (max-width: 1000px) 54vw, (max-width: 1071px) 543px, 580px\" \/><\/figure>\n\n\n\n<figure class=\"wp-block-image size-large\"><img loading=\"lazy\" decoding=\"async\" width=\"1024\" height=\"768\" data-id=\"917\" src=\"https:\/\/latinnrock.fr\/wp-content\/uploads\/2024\/08\/1000015593-1024x768.jpg\" alt=\"\" class=\"wp-image-917\" srcset=\"https:\/\/latinnrock.fr\/wp-content\/uploads\/2024\/08\/1000015593-1024x768.jpg 1024w, https:\/\/latinnrock.fr\/wp-content\/uploads\/2024\/08\/1000015593-300x225.jpg 300w, https:\/\/latinnrock.fr\/wp-content\/uploads\/2024\/08\/1000015593-768x576.jpg 768w, https:\/\/latinnrock.fr\/wp-content\/uploads\/2024\/08\/1000015593-1536x1152.jpg 1536w, https:\/\/latinnrock.fr\/wp-content\/uploads\/2024\/08\/1000015593.jpg 1600w\" sizes=\"auto, (max-width: 767px) 89vw, (max-width: 1000px) 54vw, (max-width: 1071px) 543px, 580px\" \/><\/figure>\n\n\n\n<figure class=\"wp-block-image size-large\"><img loading=\"lazy\" decoding=\"async\" width=\"1024\" height=\"768\" data-id=\"916\" src=\"https:\/\/latinnrock.fr\/wp-content\/uploads\/2024\/08\/1000015592-1024x768.jpg\" alt=\"\" class=\"wp-image-916\" srcset=\"https:\/\/latinnrock.fr\/wp-content\/uploads\/2024\/08\/1000015592-1024x768.jpg 1024w, https:\/\/latinnrock.fr\/wp-content\/uploads\/2024\/08\/1000015592-300x225.jpg 300w, https:\/\/latinnrock.fr\/wp-content\/uploads\/2024\/08\/1000015592-768x576.jpg 768w, https:\/\/latinnrock.fr\/wp-content\/uploads\/2024\/08\/1000015592-1536x1152.jpg 1536w, https:\/\/latinnrock.fr\/wp-content\/uploads\/2024\/08\/1000015592.jpg 1600w\" sizes=\"auto, (max-width: 767px) 89vw, (max-width: 1000px) 54vw, (max-width: 1071px) 543px, 580px\" \/><\/figure>\n\n\n\n<figure class=\"wp-block-image size-large\"><img loading=\"lazy\" decoding=\"async\" width=\"1024\" height=\"768\" data-id=\"915\" src=\"https:\/\/latinnrock.fr\/wp-content\/uploads\/2024\/08\/1000015591-1024x768.jpg\" alt=\"\" class=\"wp-image-915\" srcset=\"https:\/\/latinnrock.fr\/wp-content\/uploads\/2024\/08\/1000015591-1024x768.jpg 1024w, https:\/\/latinnrock.fr\/wp-content\/uploads\/2024\/08\/1000015591-300x225.jpg 300w, https:\/\/latinnrock.fr\/wp-content\/uploads\/2024\/08\/1000015591-768x576.jpg 768w, https:\/\/latinnrock.fr\/wp-content\/uploads\/2024\/08\/1000015591-1536x1152.jpg 1536w, https:\/\/latinnrock.fr\/wp-content\/uploads\/2024\/08\/1000015591.jpg 1600w\" sizes=\"auto, (max-width: 767px) 89vw, (max-width: 1000px) 54vw, (max-width: 1071px) 543px, 580px\" \/><\/figure>\n\n\n\n<figure class=\"wp-block-image size-large\"><img loading=\"lazy\" decoding=\"async\" width=\"1024\" height=\"768\" data-id=\"918\" src=\"https:\/\/latinnrock.fr\/wp-content\/uploads\/2024\/08\/1000015590-1024x768.jpg\" alt=\"\" class=\"wp-image-918\" srcset=\"https:\/\/latinnrock.fr\/wp-content\/uploads\/2024\/08\/1000015590-1024x768.jpg 1024w, https:\/\/latinnrock.fr\/wp-content\/uploads\/2024\/08\/1000015590-300x225.jpg 300w, https:\/\/latinnrock.fr\/wp-content\/uploads\/2024\/08\/1000015590-768x576.jpg 768w, https:\/\/latinnrock.fr\/wp-content\/uploads\/2024\/08\/1000015590-1536x1152.jpg 1536w, https:\/\/latinnrock.fr\/wp-content\/uploads\/2024\/08\/1000015590.jpg 1600w\" sizes=\"auto, (max-width: 767px) 89vw, (max-width: 1000px) 54vw, (max-width: 1071px) 543px, 580px\" \/><\/figure>\n<\/figure>\n\n\n<div class=\"wp-block-image\">\n<figure class=\"aligncenter size-full\"><img loading=\"lazy\" decoding=\"async\" width=\"600\" height=\"450\" src=\"https:\/\/latinnrock.fr\/wp-content\/uploads\/2024\/06\/Salle3.jpg\" alt=\"\" class=\"wp-image-168\" srcset=\"https:\/\/latinnrock.fr\/wp-content\/uploads\/2024\/06\/Salle3.jpg 600w, https:\/\/latinnrock.fr\/wp-content\/uploads\/2024\/06\/Salle3-300x225.jpg 300w\" sizes=\"auto, (max-width: 600px) 100vw, 600px\" \/><\/figure>\n<\/div>\n\n\n\n\n<hr class=\"wp-block-separator aligncenter has-alpha-channel-opacity is-style-wide\"\/>\n","protected":false},"excerpt":{"rendered":"<p>Salle LA GALERIE MOOVE12 rue Jean RostandZone d&rsquo;activit\u00e9 des Clergous81600 GaillacEn face l&rsquo;entr\u00e9e de RizzoEntre BCN et ID CHARPENTEC&rsquo;est le local aux baies vitr\u00e9es blanchesPr\u00e8s du D\u00e9p\u00f4t Location de la salle Salle \u00e0 louer de 160 M2 dont 60 M2 d&rsquo;accueil qui comprennent : un accueil, un vestiaire, un WC . Une salle de danse &hellip; <\/p>\n<p class=\"link-more\"><a href=\"https:\/\/latinnrock.fr\/index.php\/les-salles\/\" class=\"more-link\">Continuer la lecture<span class=\"screen-reader-text\"> de &laquo;&nbsp;La salle&nbsp;&raquo;<\/span><\/a><\/p>\n","protected":false},"author":1,"featured_media":0,"parent":0,"menu_order":0,"comment_status":"closed","ping_status":"closed","template":"","meta":{"footnotes":""},"class_list":["post-123","page","type-page","status-publish","hentry"],"_links":{"self":[{"href":"https:\/\/latinnrock.fr\/index.php\/wp-json\/wp\/v2\/pages\/123","targetHints":{"allow":["GET"]}}],"collection":[{"href":"https:\/\/latinnrock.fr\/index.php\/wp-json\/wp\/v2\/pages"}],"about":[{"href":"https:\/\/latinnrock.fr\/index.php\/wp-json\/wp\/v2\/types\/page"}],"author":[{"embeddable":true,"href":"https:\/\/latinnrock.fr\/index.php\/wp-json\/wp\/v2\/users\/1"}],"replies":[{"embeddable":true,"href":"https:\/\/latinnrock.fr\/index.php\/wp-json\/wp\/v2\/comments?post=123"}],"version-history":[{"count":8,"href":"https:\/\/latinnrock.fr\/index.php\/wp-json\/wp\/v2\/pages\/123\/revisions"}],"predecessor-version":[{"id":922,"href":"https:\/\/latinnrock.fr\/index.php\/wp-json\/wp\/v2\/pages\/123\/revisions\/922"}],"wp:attachment":[{"href":"https:\/\/latinnrock.fr\/index.php\/wp-json\/wp\/v2\/media?parent=123"}],"curies":[{"name":"wp","href":"https:\/\/api.w.org\/{rel}","templated":true}]}}