{"id":20,"date":"2024-06-06T14:46:14","date_gmt":"2024-06-06T12:46:14","guid":{"rendered":"https:\/\/latinnrock.fr\/?page_id=20"},"modified":"2025-12-24T10:45:32","modified_gmt":"2025-12-24T09:45:32","slug":"accueil","status":"publish","type":"page","link":"https:\/\/latinnrock.fr\/","title":{"rendered":"Accueil"},"content":{"rendered":"\n<h2 class=\"wp-block-heading has-text-align-center\">Bienvenue chez <strong>Latin&rsquo;N Rock<\/strong>, association pour l&rsquo;apprentissage des danses de couples \u00e0 <strong>Gaillac <\/strong>dans le Tarn<\/h2>\n\n\n\n<p class=\"has-text-align-center\">Rock, Salsa, Bachata, Lindy Hop, Kizomba, West Coast Swing<\/p>\n\n\n<div class=\"wp-block-image\">\n<figure class=\"aligncenter size-large is-resized\"><img loading=\"lazy\" decoding=\"async\" width=\"1024\" height=\"614\" src=\"https:\/\/latinnrock.fr\/wp-content\/uploads\/2024\/08\/cropped-1722613965394-1024x614.jpg\" alt=\"\" class=\"wp-image-469\" style=\"width:472px;height:auto\" srcset=\"https:\/\/latinnrock.fr\/wp-content\/uploads\/2024\/08\/cropped-1722613965394-1024x614.jpg 1024w, https:\/\/latinnrock.fr\/wp-content\/uploads\/2024\/08\/cropped-1722613965394-300x180.jpg 300w, https:\/\/latinnrock.fr\/wp-content\/uploads\/2024\/08\/cropped-1722613965394-768x460.jpg 768w, https:\/\/latinnrock.fr\/wp-content\/uploads\/2024\/08\/cropped-1722613965394-1536x921.jpg 1536w, https:\/\/latinnrock.fr\/wp-content\/uploads\/2024\/08\/cropped-1722613965394.jpg 2000w\" sizes=\"auto, (max-width: 767px) 89vw, (max-width: 1000px) 54vw, (max-width: 1071px) 543px, 580px\" \/><\/figure>\n<\/div>\n\n\n<hr class=\"wp-block-separator aligncenter has-alpha-channel-opacity is-style-wide\"\/>\n\n\n\n<h2 class=\"wp-block-heading has-text-align-center\"><strong>To Do List Latin&rsquo;N&rsquo;Rock <\/strong><\/h2>\n\n\n<div class=\"wp-block-image\">\n<figure class=\"aligncenter size-large is-resized\"><img loading=\"lazy\" decoding=\"async\" width=\"724\" height=\"1024\" src=\"https:\/\/latinnrock.fr\/wp-content\/uploads\/2025\/12\/todolist-724x1024.jpg\" alt=\"\" class=\"wp-image-1096\" style=\"aspect-ratio:0.7070300950264793;width:480px;height:auto\" srcset=\"https:\/\/latinnrock.fr\/wp-content\/uploads\/2025\/12\/todolist-724x1024.jpg 724w, https:\/\/latinnrock.fr\/wp-content\/uploads\/2025\/12\/todolist-212x300.jpg 212w, https:\/\/latinnrock.fr\/wp-content\/uploads\/2025\/12\/todolist-768x1086.jpg 768w, https:\/\/latinnrock.fr\/wp-content\/uploads\/2025\/12\/todolist-1086x1536.jpg 1086w, https:\/\/latinnrock.fr\/wp-content\/uploads\/2025\/12\/todolist.jpg 1131w\" sizes=\"auto, (max-width: 724px) 100vw, 724px\" \/><\/figure>\n<\/div>\n\n\n<hr class=\"wp-block-separator aligncenter has-alpha-channel-opacity is-style-wide\"\/>\n\n\n\n<h2 class=\"wp-block-heading has-text-align-center\"><strong>\u00c9v\u00e9nements \u00e0 venir<\/strong><\/h2>\n\n\n\n<figure class=\"wp-block-image size-large\"><a href=\"https:\/\/latinnrock.fr\/index.php\/evenements-en-cours\/\"><img loading=\"lazy\" decoding=\"async\" width=\"1024\" height=\"404\" src=\"https:\/\/latinnrock.fr\/wp-content\/uploads\/2025\/12\/banniere4-2-1024x404.jpg\" alt=\"\" class=\"wp-image-1116\" srcset=\"https:\/\/latinnrock.fr\/wp-content\/uploads\/2025\/12\/banniere4-2-1024x404.jpg 1024w, https:\/\/latinnrock.fr\/wp-content\/uploads\/2025\/12\/banniere4-2-300x118.jpg 300w, https:\/\/latinnrock.fr\/wp-content\/uploads\/2025\/12\/banniere4-2-768x303.jpg 768w, https:\/\/latinnrock.fr\/wp-content\/uploads\/2025\/12\/banniere4-2-1536x606.jpg 1536w, https:\/\/latinnrock.fr\/wp-content\/uploads\/2025\/12\/banniere4-2.jpg 1582w\" sizes=\"auto, (max-width: 767px) 89vw, (max-width: 1000px) 54vw, (max-width: 1071px) 543px, 580px\" \/><\/a><\/figure>\n\n\n\n<p class=\"has-text-align-center\"><a href=\"https:\/\/latinnrock.fr\/index.php\/evenements-en-cours\/\">Cliquer ici<\/a><\/p>\n\n\n\n<hr class=\"wp-block-separator has-alpha-channel-opacity is-style-wide\"\/>\n\n\n\n<h2 class=\"wp-block-heading has-text-align-center\"><strong>Stages Son Cubano y Salsa Suelta et Style<\/strong><\/h2>\n\n\n\n<center><iframe id=\"haWidget\" allowtransparency=\"true\" src=\"https:\/\/www.helloasso.com\/associations\/latin-n-rock\/evenements\/stages-son-cubano-y-salsa-suelta-et-style\/widget-vignette\" style=\"width:350px;border:none;\" onload=\"window.addEventListener( 'message', function(e) { const dataHeight = e.data.height; const haWidgetElement = document.getElementById('haWidget'); haWidgetElement.height = dataHeight + 'px'; } )\"><\/iframe><\/center>\n\n\n\n<p class=\"has-text-align-center\"><strong>Une belle journ\u00e9e de danse en perspective<\/strong> \ud83d\udc83\ud83d\udd25<\/p>\n\n\n\n<p class=\"has-text-align-center\">\ud83d\udfe0 <strong>Le matin :&nbsp;<\/strong><\/p>\n\n\n\n<p class=\"has-text-align-center\">2 heures avec Laure \ud83d\ude03<\/p>\n\n\n\n<p class=\"has-text-align-center\">10h15 11h15: LADY STYLE tous niveaux<\/p>\n\n\n\n<p class=\"has-text-align-center\">11h30 12h30 : SALSA con ESTILO :<\/p>\n\n\n\n<p class=\"has-text-align-center\">Salsa en couple en y int\u00e9grant du style c&rsquo;est \u00e0 dire des mouvements d&rsquo;\u00e9paules, du torse, des hanches, positionnement des bras, jeux de jambes avec possibilit\u00e9 de m\u00e9langer plusieurs danses de la culture cubaine. Ce qui donne une autre dimension \u00e0 la salsa en couple.<\/p>\n\n\n\n<p class=\"has-text-align-center\">\ud83d\udfe0 <strong>L&rsquo;apr\u00e8s midi :&nbsp;<\/strong><\/p>\n\n\n\n<p class=\"has-text-align-center\">Deux cours de SON CUBANO<\/p>\n\n\n\n<p class=\"has-text-align-center\">Danse traditionnelle cubaine magnifique \u00e0 l&rsquo;origine de toutes les salsas.Ces cours vous permettront d&rsquo;apporter style et \u00e9l\u00e9gance \u00e0 votre salsa.<\/p>\n\n\n\n<p class=\"has-text-align-center\">&#8211; D\u00e9butant : avoir minimum un an de cours de Salsa et pratique r\u00e9guli\u00e8re.- Interm\u00e9diaire : Ma\u00eetriser les BASICS du SON et pouvoir l&rsquo;int\u00e9grer dans une pratique de salsa.<\/p>\n\n\n\n<p class=\"has-text-align-center\">\ud83d\udfe0<strong> Le lieu :<\/strong><\/p>\n\n\n\n<p class=\"has-text-align-center\">&nbsp;12, rue Jean Rostand, Gaillac<\/p>\n\n\n\n<p class=\"has-text-align-center\"><strong>Tarifs :<\/strong><\/p>\n\n\n\n<p class=\"has-text-align-center\">le matin, dur\u00e9e des cours 1h<\/p>\n\n\n\n<p class=\"has-text-align-center\">1 cours, 1 heure = 12 euros<\/p>\n\n\n\n<p class=\"has-text-align-center\">2 cours, 2 heures = 22 euros<\/p>\n\n\n\n<p class=\"has-text-align-center\">\ud83d\udfe0<strong> Apr\u00e8s midi<\/strong><\/p>\n\n\n\n<p class=\"has-text-align-center\">1 Cours, 1h30 = 16 euros<\/p>\n\n\n\n<p class=\"has-text-align-center\">2 cours, 3 heures = 30 euros<\/p>\n\n\n\n<p class=\"has-text-align-center\">full pass = 50 euros<\/p>\n\n\n\n<p class=\"has-text-align-center\">\ud83d\udfe0<strong> Pour s&rsquo;inscrire :<\/strong><\/p>\n\n\n\n<p class=\"has-text-align-center\">06 14 45 13 60 &#8211; 06 27 82 57 33<\/p>\n\n\n\n<p class=\"has-text-align-center\">latinnrock81@gmail.com&nbsp;<\/p>\n\n\n\n<center><iframe id=\"haWidget\" allowtransparency=\"true\" src=\"https:\/\/www.helloasso.com\/associations\/latin-n-rock\/evenements\/stages-son-cubano-y-salsa-suelta-et-style\/widget-bouton\" style=\"width: 100%; border: none; height: 150px;\" onload=\"window.addEventListener( 'message', function(e) { const dataHeight = e.data.height; const haWidgetElement = document.getElementById('haWidget'); haWidgetElement.height = dataHeight + 'px'; } )\" ><\/iframe><\/center>\n\n\n\n<h2 class=\"wp-block-heading has-text-align-center\"><strong>Inscription 2025 &#8211; 2026 <\/strong><br><strong>Latin\u2019N Rock<\/strong><\/h2>\n\n\n\n<h2 class=\"wp-block-heading has-text-align-center\"><strong>Adh\u00e9sions Latin&rsquo;N Rock :<\/strong><br><\/h2>\n\n\n\n<p class=\"has-text-align-center\"><a href=\"https:\/\/www.helloasso.com\/associations\/latin-n-rock\/adhesions\/adhesion-2025-2026-latin-n-rock\">https:\/\/www.helloasso.com\/associations\/latin-n-rock\/adhesions\/adhesion-2025-2026-latin-n-rock<\/a><\/p>\n\n\n\n<p class=\"has-text-align-center\">L&rsquo;association Latin&rsquo;N Rock est heureuse de vous accueillir parmi ses adh\u00e9rents .<\/p>\n\n\n\n<p class=\"has-text-align-center\">Comme vous le savez, Latin&rsquo;N Rock, ce sont des cours avec des profs de qualit\u00e9, mais aussi des soir\u00e9es, des \u00e9v\u00e8nements, des rencontres, des stages et des moments festifs !<\/p>\n\n\n\n<p class=\"has-text-align-center\">Apprendre et progresser dans la bonne humeur et la bienveillance \ud83d\ude04<\/p>\n\n\n\n<p class=\"has-text-align-center\">Si vous rencontrez des difficult\u00e9s pour vous inscrire ou si vous avez besoin de renseignements compl\u00e9mentaires, n&rsquo;h\u00e9sitez pas \u00e0 nous contacter :&nbsp;<\/p>\n\n\n\n<p class=\"has-text-align-center\">latinnrock81@gmail.com&nbsp;<\/p>\n\n\n\n<p class=\"has-text-align-center\">06 14 45 13 60<\/p>\n\n\n\n<p class=\"has-text-align-center\">\u2b50<\/p>\n\n\n\n<p class=\"has-text-align-center\">\ud83d\udc91 Inscriptions \u00ab\u00a0Couple\u00a0\u00bb : jouons la carte de l&rsquo;honn\u00eatet\u00e9 !&nbsp;<\/p>\n\n\n\n<p class=\"has-text-align-center\">Vous \u00eates en couple ? Un vrai couple ? Alors cette formule est faite pour vous !<\/p>\n\n\n\n<p class=\"has-text-align-center\">Mais si vous \u00eates simplement deux amis d\u00e9cid\u00e9s \u00e0 \u00e9conomiser 12\u202f\u20ac chacun\u2026 \ud83d\ude05 on vous arr\u00eate tout de suite.<\/p>\n\n\n\n<p class=\"has-text-align-center\">\ud83d\udc49 Cette inscription est r\u00e9serv\u00e9e aux couples r\u00e9els, pas aux duos malins.<\/p>\n\n\n\n<p class=\"has-text-align-center\">On vous fait confiance, mais on pr\u00e9f\u00e8re \u00eatre clairs.<\/p>\n\n\n\n<p class=\"has-text-align-center\">\ud83d\udcac Petit rappel important :<\/p>\n\n\n\n<p class=\"has-text-align-center\">Nous ne sommes pas une MJC et ne recevons aucune aide financi\u00e8re. Chaque inscription compte pour faire vivre notre structure. Merci pour votre compr\u00e9hension et votre fair-play \ud83d\ude4f<\/p>\n\n\n\n<p class=\"has-text-align-center\">\u2b50<\/p>\n\n\n\n<p class=\"has-text-align-center\">Mode d&#8217;emploi :<\/p>\n\n\n\n<p class=\"has-text-align-center\">1\/ t\u00e9l\u00e9charger la fiche d&rsquo;inscription&nbsp;<\/p>\n\n\n\n<p class=\"has-text-align-center\">2\/ s&rsquo;inscrire sur le site&nbsp;<\/p>\n\n\n\n<p class=\"has-text-align-center\">3\/ transmettre votre fiche par courrier ou dans la bo\u00eete aux lettres de l&rsquo;association<\/p>\n\n\n\n<h2 class=\"wp-block-heading has-text-align-center\"><strong>La fiche d&rsquo;inscription<\/strong><\/h2>\n\n\n\n<div class=\"wp-block-cover aligncenter is-light\"><img loading=\"lazy\" decoding=\"async\" width=\"393\" height=\"520\" class=\"wp-block-cover__image-background wp-image-1045 size-full\" alt=\"\" src=\"https:\/\/latinnrock.fr\/wp-content\/uploads\/2025\/06\/ficheInscription2025-2026e.png\" data-object-fit=\"cover\" srcset=\"https:\/\/latinnrock.fr\/wp-content\/uploads\/2025\/06\/ficheInscription2025-2026e.png 393w, https:\/\/latinnrock.fr\/wp-content\/uploads\/2025\/06\/ficheInscription2025-2026e-227x300.png 227w\" sizes=\"auto, (max-width: 393px) 100vw, 393px\" \/><span aria-hidden=\"true\" class=\"wp-block-cover__background has-background-dim\" style=\"background-color:#e9e8e8\"><\/span><div class=\"wp-block-cover__inner-container is-layout-flow wp-block-cover-is-layout-flow\">\n<p class=\"has-text-align-center has-large-font-size\"><a href=\"https:\/\/latinnrock.fr\/index.php\/fiche-inscription-saison-2025-2026\/\">Cliquer sur la fiche<\/a><\/p>\n<\/div><\/div>\n\n\n\n<h2 class=\"wp-block-heading has-text-align-center\"><strong>Le Planning 2025 &#8211; 2026<\/strong><\/h2>\n\n\n<div class=\"wp-block-image\">\n<figure class=\"aligncenter size-full\"><img loading=\"lazy\" decoding=\"async\" width=\"711\" height=\"650\" src=\"https:\/\/latinnrock.fr\/wp-content\/uploads\/2025\/06\/1000019266.jpg\" alt=\"\" class=\"wp-image-1052\" srcset=\"https:\/\/latinnrock.fr\/wp-content\/uploads\/2025\/06\/1000019266.jpg 711w, https:\/\/latinnrock.fr\/wp-content\/uploads\/2025\/06\/1000019266-300x274.jpg 300w\" sizes=\"auto, (max-width: 711px) 100vw, 711px\" \/><\/figure>\n<\/div>\n\n\n<hr class=\"wp-block-separator has-alpha-channel-opacity is-style-wide\"\/>\n\n\n\n<p class=\"has-text-align-center\"><\/p>\n\n\n\n<p class=\"has-text-align-center\"><strong>COURS D&rsquo;ESSAI GRATUIT<\/strong> : Vous pouvez faire un cours d&rsquo;essai toute l&rsquo;ann\u00e9e dans chacune des disciplines mais nous contacter avant afin de voir si il y a de la disponibilit\u00e9.<\/p>\n\n\n\n<p class=\"has-text-align-center\">seul un cours d&rsquo;essai est gratuit : si vous souhaitez faire un ou deux cours d&rsquo;essai suppl\u00e9mentaires, ils vous seront factur\u00e9s 8 euros.<\/p>\n\n\n\n<p class=\"has-text-align-center\"><\/p>\n\n\n\n<p class=\"has-text-align-center\">Renseignements et inscriptions Cours<br>06 14 45 13 60<br><a href=\"mailto:latinnrock@gmail.com\"><strong>latinnrock81@gmail.com<\/strong><\/a><\/p>\n\n\n\n<p class=\"has-text-align-center\">12, rue Jean Rostand \u00e0 Gaillac<br>Zone d&rsquo;activit\u00e9s des Clergous<br>En face Rizzo, pas loin du D\u00e9p\u00f4t<\/p>\n\n\n\n<hr class=\"wp-block-separator aligncenter has-alpha-channel-opacity is-style-wide\"\/>\n\n\n\n<h2 class=\"wp-block-heading has-text-align-left\"><strong>Cours particuliers <\/strong><\/h2>\n\n\n\n<p>pour certaines disciplines, il est possible de faire un ou plusieurs cours particuliers afin de pouvoir int\u00e9grer le cours .<\/p>\n\n\n\n<p>N&rsquo;h\u00e9sitez pas \u00e0 vous renseigner \ud83d\udc4d<\/p>\n\n\n\n<p><\/p>\n","protected":false},"excerpt":{"rendered":"<p>Bienvenue chez Latin&rsquo;N Rock, association pour l&rsquo;apprentissage des danses de couples \u00e0 Gaillac dans le Tarn Rock, Salsa, Bachata, Lindy Hop, Kizomba, West Coast Swing To Do List Latin&rsquo;N&rsquo;Rock \u00c9v\u00e9nements \u00e0 venir Cliquer ici Stages Son Cubano y Salsa Suelta et Style Une belle journ\u00e9e de danse en perspective \ud83d\udc83\ud83d\udd25 \ud83d\udfe0 Le matin :&nbsp; 2 &hellip; <\/p>\n<p class=\"link-more\"><a href=\"https:\/\/latinnrock.fr\/\" class=\"more-link\">Continuer la lecture<span class=\"screen-reader-text\"> de &laquo;&nbsp;Accueil&nbsp;&raquo;<\/span><\/a><\/p>\n","protected":false},"author":1,"featured_media":0,"parent":0,"menu_order":0,"comment_status":"closed","ping_status":"closed","template":"","meta":{"footnotes":""},"class_list":["post-20","page","type-page","status-publish","hentry"],"_links":{"self":[{"href":"https:\/\/latinnrock.fr\/index.php\/wp-json\/wp\/v2\/pages\/20","targetHints":{"allow":["GET"]}}],"collection":[{"href":"https:\/\/latinnrock.fr\/index.php\/wp-json\/wp\/v2\/pages"}],"about":[{"href":"https:\/\/latinnrock.fr\/index.php\/wp-json\/wp\/v2\/types\/page"}],"author":[{"embeddable":true,"href":"https:\/\/latinnrock.fr\/index.php\/wp-json\/wp\/v2\/users\/1"}],"replies":[{"embeddable":true,"href":"https:\/\/latinnrock.fr\/index.php\/wp-json\/wp\/v2\/comments?post=20"}],"version-history":[{"count":106,"href":"https:\/\/latinnrock.fr\/index.php\/wp-json\/wp\/v2\/pages\/20\/revisions"}],"predecessor-version":[{"id":1118,"href":"https:\/\/latinnrock.fr\/index.php\/wp-json\/wp\/v2\/pages\/20\/revisions\/1118"}],"wp:attachment":[{"href":"https:\/\/latinnrock.fr\/index.php\/wp-json\/wp\/v2\/media?parent=20"}],"curies":[{"name":"wp","href":"https:\/\/api.w.org\/{rel}","templated":true}]}}