{"id":501,"date":"2024-08-03T18:01:52","date_gmt":"2024-08-03T16:01:52","guid":{"rendered":"https:\/\/latinnrock.fr\/?page_id=501"},"modified":"2024-08-15T10:11:04","modified_gmt":"2024-08-15T08:11:04","slug":"jerome-chanchom","status":"publish","type":"page","link":"https:\/\/latinnrock.fr\/index.php\/jerome-chanchom\/","title":{"rendered":"Jerome CHANCHOM"},"content":{"rendered":"<div class=\"wp-block-image\">\n<figure class=\"alignleft size-full is-resized\"><img loading=\"lazy\" decoding=\"async\" width=\"1080\" height=\"1080\" src=\"https:\/\/latinnrock.fr\/wp-content\/uploads\/2024\/08\/jerome-chamchon.png\" alt=\"\" class=\"wp-image-733\" style=\"width:300px\" srcset=\"https:\/\/latinnrock.fr\/wp-content\/uploads\/2024\/08\/jerome-chamchon.png 1080w, https:\/\/latinnrock.fr\/wp-content\/uploads\/2024\/08\/jerome-chamchon-300x300.png 300w, https:\/\/latinnrock.fr\/wp-content\/uploads\/2024\/08\/jerome-chamchon-1024x1024.png 1024w, https:\/\/latinnrock.fr\/wp-content\/uploads\/2024\/08\/jerome-chamchon-150x150.png 150w, https:\/\/latinnrock.fr\/wp-content\/uploads\/2024\/08\/jerome-chamchon-768x768.png 768w, https:\/\/latinnrock.fr\/wp-content\/uploads\/2024\/08\/jerome-chamchon-100x100.png 100w\" sizes=\"auto, (max-width: 767px) 89vw, (max-width: 1000px) 54vw, (max-width: 1071px) 543px, 580px\" \/><\/figure>\n<\/div>\n\n\n<p>J\u00e9r\u00f4me est originaire de Montpellier et a commenc\u00e9 par le Taekwondo \u00e0 l&rsquo;\u00e2ge de 3 ans jusqu&rsquo;\u00e0 obtenir sa ceinture noire a 18 ans. Ensuite il d\u00e9couvre les joies de la danse en couple et pratique le rock acrobatique en national durant 17 ans en comp\u00e9tition.<\/p>\n\n\n\n<p>C&rsquo;est en 2009 qu&rsquo;il d\u00e9couvre le West Coast Swing, une danse pleine de douceur, de fluidit\u00e9 et de technique qui l&rsquo;a tr\u00e8s vite passionn\u00e9.  Il a commenc\u00e9 \u00e0 faire des comp\u00e9titions \u00e0 travers l&rsquo;Europe et les \u00c9tats-Unis en 2011 s&rsquo;est tr\u00e8s rapidement retrouv\u00e9 en cat\u00e9gorie JnJ Advanced en 2014.\u00a0<\/p>\n\n\n\n<p>J\u00e9r\u00f4me dansait aussi en cat\u00e9gorie Classic et Rising Star (chor\u00e9graphie) et gr\u00e2ce \u00e0 son style et sa technique se classe parmi les meilleurs europ\u00e9ens.<\/p>\n\n\n\n<p>Apr\u00e8s toutes ces ann\u00e9es de comp\u00e9titions il d\u00e9cide de r\u00e9duire ce rythme et se consacre \u00e0 l&rsquo;enseignement et au coaching.<\/p>\n","protected":false},"excerpt":{"rendered":"<p>J\u00e9r\u00f4me est originaire de Montpellier et a commenc\u00e9 par le Taekwondo \u00e0 l&rsquo;\u00e2ge de 3 ans jusqu&rsquo;\u00e0 obtenir sa ceinture noire a 18 ans. Ensuite il d\u00e9couvre les joies de la danse en couple et pratique le rock acrobatique en national durant 17 ans en comp\u00e9tition. C&rsquo;est en 2009 qu&rsquo;il d\u00e9couvre le West Coast Swing, &hellip; <\/p>\n<p class=\"link-more\"><a href=\"https:\/\/latinnrock.fr\/index.php\/jerome-chanchom\/\" class=\"more-link\">Continuer la lecture<span class=\"screen-reader-text\"> de &laquo;&nbsp;Jerome CHANCHOM&nbsp;&raquo;<\/span><\/a><\/p>\n","protected":false},"author":2,"featured_media":0,"parent":0,"menu_order":0,"comment_status":"closed","ping_status":"closed","template":"","meta":{"footnotes":""},"class_list":["post-501","page","type-page","status-publish","hentry"],"_links":{"self":[{"href":"https:\/\/latinnrock.fr\/index.php\/wp-json\/wp\/v2\/pages\/501","targetHints":{"allow":["GET"]}}],"collection":[{"href":"https:\/\/latinnrock.fr\/index.php\/wp-json\/wp\/v2\/pages"}],"about":[{"href":"https:\/\/latinnrock.fr\/index.php\/wp-json\/wp\/v2\/types\/page"}],"author":[{"embeddable":true,"href":"https:\/\/latinnrock.fr\/index.php\/wp-json\/wp\/v2\/users\/2"}],"replies":[{"embeddable":true,"href":"https:\/\/latinnrock.fr\/index.php\/wp-json\/wp\/v2\/comments?post=501"}],"version-history":[{"count":15,"href":"https:\/\/latinnrock.fr\/index.php\/wp-json\/wp\/v2\/pages\/501\/revisions"}],"predecessor-version":[{"id":910,"href":"https:\/\/latinnrock.fr\/index.php\/wp-json\/wp\/v2\/pages\/501\/revisions\/910"}],"wp:attachment":[{"href":"https:\/\/latinnrock.fr\/index.php\/wp-json\/wp\/v2\/media?parent=501"}],"curies":[{"name":"wp","href":"https:\/\/api.w.org\/{rel}","templated":true}]}}