{"id":608,"date":"2024-08-05T18:12:34","date_gmt":"2024-08-05T16:12:34","guid":{"rendered":"https:\/\/latinnrock.fr\/?page_id=608"},"modified":"2024-08-07T08:58:47","modified_gmt":"2024-08-07T06:58:47","slug":"le-rock","status":"publish","type":"page","link":"https:\/\/latinnrock.fr\/index.php\/le-rock\/","title":{"rendered":"Rock&rsquo;n Roll"},"content":{"rendered":"\n<p><strong>ORIGINE du  ROCK&rsquo;N ROLL<\/strong><\/p>\n\n\n\n<p>La musique <strong>Rock\u2019n Roll<\/strong> est&nbsp; un mariage entre le blues, le R&amp;B, la country et la musique folk.&nbsp;<\/p>\n\n\n\n<p>La danse, qui porte le m\u00eame nom, vient du <strong>Lindy hop<\/strong> qui s\u2019est transform\u00e9 en Bebop et qui a finalement \u00e9volu\u00e9 en<strong> Rock &amp; Roll<\/strong>.&nbsp;<\/p>\n\n\n\n<figure class=\"wp-block-image size-large is-resized\"><img loading=\"lazy\" decoding=\"async\" width=\"1024\" height=\"774\" src=\"https:\/\/latinnrock.fr\/wp-content\/uploads\/2024\/08\/1722966633558-1024x774.jpg\" alt=\"\" class=\"wp-image-639\" style=\"width:300px\" srcset=\"https:\/\/latinnrock.fr\/wp-content\/uploads\/2024\/08\/1722966633558-1024x774.jpg 1024w, https:\/\/latinnrock.fr\/wp-content\/uploads\/2024\/08\/1722966633558-300x227.jpg 300w, https:\/\/latinnrock.fr\/wp-content\/uploads\/2024\/08\/1722966633558-768x580.jpg 768w, https:\/\/latinnrock.fr\/wp-content\/uploads\/2024\/08\/1722966633558.jpg 1080w\" sizes=\"auto, (max-width: 767px) 89vw, (max-width: 1000px) 54vw, (max-width: 1071px) 543px, 580px\" \/><figcaption class=\"wp-element-caption\">Journ\u00e9e Rock N Roll au Samys diner<\/figcaption><\/figure>\n\n\n\n<p>Ce style de danse s\u2019est popularis\u00e9 avec l\u2019arriv\u00e9e de la musique rock, v\u00e9ritable symbole de libert\u00e9 et de l\u2019ind\u00e9pendance dans la culture am\u00e9ricaine et qui a bouscul\u00e9 les codes.<\/p>\n\n\n\n<p>Le ph\u00e9nom\u00e8ne culturel Rock &amp; Roll a travers\u00e9 l\u2019oc\u00e9an&nbsp; et envahi l\u2019Europe.&nbsp;<\/p>\n\n\n\n<p>En France, pendant tr\u00e8s longtemps, le rock fut dans\u00e9 sur les musiques des ann\u00e9es 60 dans les bals populaires.&nbsp;<\/p>\n\n\n\n<p>Mais la fa\u00e7on de le danser \u00e9volue et diff\u00e8re selon les \u00e9poques, les r\u00e9gions et des go\u00fbts musicaux.<\/p>\n\n\n\n<p><strong>Sp\u00e9cificit\u00e9s :<\/strong><\/p>\n\n\n\n<p>Depuis les ann\u00e9es 60, la danse de couple s\u2019est codifi\u00e9e et n\u00e9cessite d\u00e9sormais plus de technique.<\/p>\n\n\n\n<p>Elle pr\u00e9sente des pas et des temps bien marqu\u00e9s (6), permettant aux cavaliers d\u2019\u00eatre bien synchronis\u00e9s.<\/p>\n\n\n\n<p>Mais le plus important reste le plaisir de danser et de partager\u2026 Vous pouvez compter sur <a href=\"https:\/\/latinnrock.fr\/index.php\/rock\/\" data-type=\"page\" data-id=\"95\"><strong>Laurie VIDAL<\/strong><\/a> pour vous transmettre son enthousiasme !<\/p>\n\n\n\n<p>Le rock permet \u00e0 la fois de d\u00e9compresser et de pratiquer une activit\u00e9 physique en bougeant sur la musique qu\u2019on aime et tout \u00e7a dans la bonne humeur !<\/p>\n","protected":false},"excerpt":{"rendered":"<p>ORIGINE du ROCK&rsquo;N ROLL La musique Rock\u2019n Roll est&nbsp; un mariage entre le blues, le R&amp;B, la country et la musique folk.&nbsp; La danse, qui porte le m\u00eame nom, vient du Lindy hop qui s\u2019est transform\u00e9 en Bebop et qui a finalement \u00e9volu\u00e9 en Rock &amp; Roll.&nbsp; Ce style de danse s\u2019est popularis\u00e9 avec l\u2019arriv\u00e9e &hellip; <\/p>\n<p class=\"link-more\"><a href=\"https:\/\/latinnrock.fr\/index.php\/le-rock\/\" class=\"more-link\">Continuer la lecture<span class=\"screen-reader-text\"> de &laquo;&nbsp;Rock&rsquo;n Roll&nbsp;&raquo;<\/span><\/a><\/p>\n","protected":false},"author":2,"featured_media":0,"parent":0,"menu_order":0,"comment_status":"closed","ping_status":"closed","template":"","meta":{"footnotes":""},"class_list":["post-608","page","type-page","status-publish","hentry"],"_links":{"self":[{"href":"https:\/\/latinnrock.fr\/index.php\/wp-json\/wp\/v2\/pages\/608","targetHints":{"allow":["GET"]}}],"collection":[{"href":"https:\/\/latinnrock.fr\/index.php\/wp-json\/wp\/v2\/pages"}],"about":[{"href":"https:\/\/latinnrock.fr\/index.php\/wp-json\/wp\/v2\/types\/page"}],"author":[{"embeddable":true,"href":"https:\/\/latinnrock.fr\/index.php\/wp-json\/wp\/v2\/users\/2"}],"replies":[{"embeddable":true,"href":"https:\/\/latinnrock.fr\/index.php\/wp-json\/wp\/v2\/comments?post=608"}],"version-history":[{"count":6,"href":"https:\/\/latinnrock.fr\/index.php\/wp-json\/wp\/v2\/pages\/608\/revisions"}],"predecessor-version":[{"id":664,"href":"https:\/\/latinnrock.fr\/index.php\/wp-json\/wp\/v2\/pages\/608\/revisions\/664"}],"wp:attachment":[{"href":"https:\/\/latinnrock.fr\/index.php\/wp-json\/wp\/v2\/media?parent=608"}],"curies":[{"name":"wp","href":"https:\/\/api.w.org\/{rel}","templated":true}]}}