{"id":610,"date":"2024-08-05T18:13:19","date_gmt":"2024-08-05T16:13:19","guid":{"rendered":"https:\/\/latinnrock.fr\/?page_id=610"},"modified":"2024-08-11T13:59:00","modified_gmt":"2024-08-11T11:59:00","slug":"la-bachata","status":"publish","type":"page","link":"https:\/\/latinnrock.fr\/index.php\/la-bachata\/","title":{"rendered":"Bachata"},"content":{"rendered":"\n<p><strong><a href=\"https:\/\/latinnrock.fr\/index.php\/la-bachata\/\" data-type=\"page\" data-id=\"610\">La bachata<\/a><\/strong> est une danse tr\u00e8s accessible et festive.<\/p>\n\n\n\n<p>Un danseur d\u00e9butant, peut, sans aucune difficult\u00e9, apprendre les pas de base et progresser tr\u00e8s rapidement.<\/p>\n\n\n\n<p>Fusion, Sensuelle, Moderne ou Dominicaine, vous vous demandez peut-\u00eatre quelle bachata vous allez apprendre chez Latin\u2019N Rock&nbsp;?<\/p>\n\n\n\n<figure class=\"wp-block-image size-large is-resized\"><img loading=\"lazy\" decoding=\"async\" width=\"768\" height=\"1024\" src=\"https:\/\/latinnrock.fr\/wp-content\/uploads\/2024\/08\/1723013360808-768x1024.jpg\" alt=\"\" class=\"wp-image-652\" style=\"width:300px\" srcset=\"https:\/\/latinnrock.fr\/wp-content\/uploads\/2024\/08\/1723013360808-768x1024.jpg 768w, https:\/\/latinnrock.fr\/wp-content\/uploads\/2024\/08\/1723013360808-225x300.jpg 225w, https:\/\/latinnrock.fr\/wp-content\/uploads\/2024\/08\/1723013360808-1152x1536.jpg 1152w, https:\/\/latinnrock.fr\/wp-content\/uploads\/2024\/08\/1723013360808-1536x2048.jpg 1536w, https:\/\/latinnrock.fr\/wp-content\/uploads\/2024\/08\/1723013360808-scaled.jpg 1920w\" sizes=\"auto, (max-width: 767px) 89vw, (max-width: 1000px) 54vw, (max-width: 1071px) 543px, 580px\" \/><\/figure>\n\n\n\n<p>Quelles sont les diff\u00e9rences ? <\/p>\n\n\n\n<p><strong>Bachata Dominicaine ou traditionnelle :<\/strong><\/p>\n\n\n\n<p>N\u00e9e dans les ann\u00e9es 60 en R\u00e9publique Dominicaine, c&rsquo;est un genre musical et une danse associ\u00e9e.<\/p>\n\n\n\n<p>La Dominicaine se danse sur des musiques rapides et implique des mouvements de hanches caract\u00e9ristiques sur des demi-mesures. <\/p>\n\n\n\n<p>Elle se danse plut\u00f4t en position ouverte et se distingue par ses nombreux jeux de jambes.<\/p>\n\n\n\n<p><strong>La Bachata Sensual<\/strong><\/p>\n\n\n\n<p>N\u00e9e entre 2005 et 2010, c&rsquo;est la variante la plus r\u00e9cente . Contrairement \u00e0 la bachata moderne, elle se danse en position ferm\u00e9e sur des musiques plus lentes. En Bachata sensual, les deux partenaires maintiennent un contact corporel permanent, au niveau du buste ou du bassin. Elle int\u00e8gre de nombreuses vagues et ondulations. <\/p>\n\n\n\n<p><strong>La Bachata Moderne<\/strong> : parfaite pour d\u00e9buter<\/p>\n\n\n\n<p>Les pas de base sont ceux de la Bachata traditionnelle o\u00f9 sont rajout\u00e9s des jeux de bras et des tours inspir\u00e9s de la Salsa. <\/p>\n\n\n\n<p>C&rsquo;est un peu le socle commun de la bachata sensuelle et dominicaine. Les d\u00e9placements sont relativement accessibles et permettent d&rsquo;appr\u00e9hender les bases de la Bachata. <\/p>\n\n\n\n<p><strong>La Bachata Fusion  : un condens\u00e9 parfait !!<\/strong><\/p>\n\n\n\n<p>C&rsquo;est la <strong><a href=\"https:\/\/latinnrock.fr\/index.php\/la-bachata\/\" data-type=\"page\" data-id=\"610\">Bachata <\/a><\/strong>que nous privil\u00e9gions en cours de Bachata Interm\u00e9diaire qui vous permettra de cr\u00e9er votre style et danser sur tous les rythmes.<\/p>\n\n\n\n<p><\/p>\n\n\n\n<p><\/p>\n\n\n\n<p><\/p>\n","protected":false},"excerpt":{"rendered":"<p>La bachata est une danse tr\u00e8s accessible et festive. Un danseur d\u00e9butant, peut, sans aucune difficult\u00e9, apprendre les pas de base et progresser tr\u00e8s rapidement. Fusion, Sensuelle, Moderne ou Dominicaine, vous vous demandez peut-\u00eatre quelle bachata vous allez apprendre chez Latin\u2019N Rock&nbsp;? Quelles sont les diff\u00e9rences ? Bachata Dominicaine ou traditionnelle : N\u00e9e dans les &hellip; <\/p>\n<p class=\"link-more\"><a href=\"https:\/\/latinnrock.fr\/index.php\/la-bachata\/\" class=\"more-link\">Continuer la lecture<span class=\"screen-reader-text\"> de &laquo;&nbsp;Bachata&nbsp;&raquo;<\/span><\/a><\/p>\n","protected":false},"author":2,"featured_media":0,"parent":0,"menu_order":0,"comment_status":"closed","ping_status":"closed","template":"","meta":{"footnotes":""},"class_list":["post-610","page","type-page","status-publish","hentry"],"_links":{"self":[{"href":"https:\/\/latinnrock.fr\/index.php\/wp-json\/wp\/v2\/pages\/610","targetHints":{"allow":["GET"]}}],"collection":[{"href":"https:\/\/latinnrock.fr\/index.php\/wp-json\/wp\/v2\/pages"}],"about":[{"href":"https:\/\/latinnrock.fr\/index.php\/wp-json\/wp\/v2\/types\/page"}],"author":[{"embeddable":true,"href":"https:\/\/latinnrock.fr\/index.php\/wp-json\/wp\/v2\/users\/2"}],"replies":[{"embeddable":true,"href":"https:\/\/latinnrock.fr\/index.php\/wp-json\/wp\/v2\/comments?post=610"}],"version-history":[{"count":7,"href":"https:\/\/latinnrock.fr\/index.php\/wp-json\/wp\/v2\/pages\/610\/revisions"}],"predecessor-version":[{"id":839,"href":"https:\/\/latinnrock.fr\/index.php\/wp-json\/wp\/v2\/pages\/610\/revisions\/839"}],"wp:attachment":[{"href":"https:\/\/latinnrock.fr\/index.php\/wp-json\/wp\/v2\/media?parent=610"}],"curies":[{"name":"wp","href":"https:\/\/api.w.org\/{rel}","templated":true}]}}