{"id":612,"date":"2024-08-05T18:13:53","date_gmt":"2024-08-05T16:13:53","guid":{"rendered":"https:\/\/latinnrock.fr\/?page_id=612"},"modified":"2024-08-13T11:45:17","modified_gmt":"2024-08-13T09:45:17","slug":"la-kizomba-et-semba","status":"publish","type":"page","link":"https:\/\/latinnrock.fr\/index.php\/la-kizomba-et-semba\/","title":{"rendered":"Kizomba et Semba"},"content":{"rendered":"\n<p>La Kizomba<\/p>\n\n\n\n<p>Origines&nbsp;:<\/p>\n\n\n\n<p>La Kizomba est un style musical et une danse issus des pays africains lusophones comme le Cap-Vert et le Mozambique.<br>Originaire d\u2019Angola, la Kizomba est fortement impr\u00e9gn\u00e9e des sonorit\u00e9s du Zouk.<br>On la surnomme le Tango Africain \u00e0 cause de la posture des danseurs et de son guidage subtil, inspir\u00e9s du tango argentin.<\/p>\n\n\n\n<figure class=\"wp-block-image size-large is-resized\"><img loading=\"lazy\" decoding=\"async\" width=\"768\" height=\"1024\" src=\"https:\/\/latinnrock.fr\/wp-content\/uploads\/2024\/08\/1000015373-768x1024.jpg\" alt=\"\" class=\"wp-image-900\" style=\"width:300px\" srcset=\"https:\/\/latinnrock.fr\/wp-content\/uploads\/2024\/08\/1000015373-768x1024.jpg 768w, https:\/\/latinnrock.fr\/wp-content\/uploads\/2024\/08\/1000015373-225x300.jpg 225w, https:\/\/latinnrock.fr\/wp-content\/uploads\/2024\/08\/1000015373.jpg 1080w\" sizes=\"auto, (max-width: 767px) 89vw, (max-width: 1000px) 54vw, (max-width: 1071px) 543px, 580px\" \/><\/figure>\n\n\n\n<p>Sp\u00e9cificit\u00e9s\u00a0:<\/p>\n\n\n\n<p><br>La kizomba est une danse de couple tendrement sensuelle qui se caract\u00e9rise par l&rsquo;\u00e9l\u00e9gance et la symbiose qui \u00e9manent du couple. L\u2019homme maintient un cadre form\u00e9 par son bras gauche et son buste  qui favorise l\u2019\u00e9coute entre partenaires.<br>Si la musique fait penser \u00e0 certains sons antillais, la danse est tr\u00e8s diff\u00e9rente car le bassin des partenaires est rarement en contact et les d\u00e9placements sont plus nombreux.<\/p>\n\n\n\n<p>La kizomba fait partie des trois danses latines les plus pratiqu\u00e9es. Pas une soir\u00e9e latine sans ce trio SBK&nbsp;: Salsa, Bachata et Kizomba.<\/p>\n","protected":false},"excerpt":{"rendered":"<p>La Kizomba Origines&nbsp;: La Kizomba est un style musical et une danse issus des pays africains lusophones comme le Cap-Vert et le Mozambique.Originaire d\u2019Angola, la Kizomba est fortement impr\u00e9gn\u00e9e des sonorit\u00e9s du Zouk.On la surnomme le Tango Africain \u00e0 cause de la posture des danseurs et de son guidage subtil, inspir\u00e9s du tango argentin. Sp\u00e9cificit\u00e9s\u00a0: &hellip; <\/p>\n<p class=\"link-more\"><a href=\"https:\/\/latinnrock.fr\/index.php\/la-kizomba-et-semba\/\" class=\"more-link\">Continuer la lecture<span class=\"screen-reader-text\"> de &laquo;&nbsp;Kizomba et Semba&nbsp;&raquo;<\/span><\/a><\/p>\n","protected":false},"author":2,"featured_media":0,"parent":0,"menu_order":0,"comment_status":"closed","ping_status":"closed","template":"","meta":{"footnotes":""},"class_list":["post-612","page","type-page","status-publish","hentry"],"_links":{"self":[{"href":"https:\/\/latinnrock.fr\/index.php\/wp-json\/wp\/v2\/pages\/612","targetHints":{"allow":["GET"]}}],"collection":[{"href":"https:\/\/latinnrock.fr\/index.php\/wp-json\/wp\/v2\/pages"}],"about":[{"href":"https:\/\/latinnrock.fr\/index.php\/wp-json\/wp\/v2\/types\/page"}],"author":[{"embeddable":true,"href":"https:\/\/latinnrock.fr\/index.php\/wp-json\/wp\/v2\/users\/2"}],"replies":[{"embeddable":true,"href":"https:\/\/latinnrock.fr\/index.php\/wp-json\/wp\/v2\/comments?post=612"}],"version-history":[{"count":6,"href":"https:\/\/latinnrock.fr\/index.php\/wp-json\/wp\/v2\/pages\/612\/revisions"}],"predecessor-version":[{"id":903,"href":"https:\/\/latinnrock.fr\/index.php\/wp-json\/wp\/v2\/pages\/612\/revisions\/903"}],"wp:attachment":[{"href":"https:\/\/latinnrock.fr\/index.php\/wp-json\/wp\/v2\/media?parent=612"}],"curies":[{"name":"wp","href":"https:\/\/api.w.org\/{rel}","templated":true}]}}