{"id":619,"date":"2024-08-05T18:18:12","date_gmt":"2024-08-05T16:18:12","guid":{"rendered":"https:\/\/latinnrock.fr\/?page_id=619"},"modified":"2024-08-15T11:38:16","modified_gmt":"2024-08-15T09:38:16","slug":"le-lindy-hop","status":"publish","type":"page","link":"https:\/\/latinnrock.fr\/index.php\/le-lindy-hop\/","title":{"rendered":"Lindy Hop"},"content":{"rendered":"\n<p class=\"has-text-align-left\">Origines et histoire :<br>V\u00e9ritable danse de rue, le Lindy Hop s\u2019est d\u00e9velopp\u00e9 dans la communaut\u00e9 afro-am\u00e9ricaine de Harlem \u00e0 New York, vers la fin des ann\u00e9es 20 en parall\u00e8le du jazz et du swing.<br>Pratiqu\u00e9e dans les bals swing, le Lindy Hop gagne rapidement en popularit\u00e9 gr\u00e2ce \u00e0 la<br>mutiplication des \u00ab Big Bands \u00bb dans les ann\u00e9es 30-40.<br>A Paris (The Cotton Club Revue), les origines noires du Lindy Hop obligeront les danseurs \u00e0 s\u2019exprimer clandestinement pendant l\u2019occupation allemande.<br>N\u00e9 de l\u2019oppression et transgressif par nature, charg\u00e9 d\u2019histoire, au del\u00e0 d\u2019une danse, le lindy hop est une forme d\u2019art ancr\u00e9e dans la culture noire.<br>Le Lindy Hop \u00e9voluera vers le Be Bop, le Rock Swing, le Boogie Woogie et le West Coast Swing.<\/p>\n\n\n\n<p><br>Sp\u00e9cificit\u00e9s :<br>Une histoire riche et une danse toute aussi riche car issue d\u2019un m\u00e9lange de Charleston, de Claquettes, de Foxtrot et de Jazz Roots.<br>Le Lindy Hop est une danse sociale de couple, dynamique, joyeuse et entra\u00eenante, qui se<br>pratique sur des tempos tr\u00e8s vari\u00e9s, du lent au tr\u00e8s rapide.<br>Bas\u00e9 sur de l\u2019interpr\u00e9tation musicale, le Lindy laisse une grande place \u00e0 l\u2019improvisation<br>combin\u00e9e \u00e0 la discipline de la structure en 6 et 8 temps des danses europ\u00e9ennes.<br>Il se caract\u00e9rise par un m\u00e9lange de mouvements ex\u00e9cut\u00e9s en couple et s\u00e9par\u00e9ment. Les<br>mouvements sont tr\u00e8s allong\u00e9s utilisant le strech entre les deux partenaires.<br>Contrairement au rock plut\u00f4t \u00ab carr\u00e9 \u00bb, le Lindy Hop affiche un style plus arrondi (swingu\u00e9)<\/p>\n\n\n\n<p>Le Lindy Hop interpelle et attire l\u2019oeil. La connexion \u00e9tant l\u2019ingr\u00e9dient indispensable pour r\u00e9aliser les diff\u00e9rents mouvements, cette danse met l\u2019accent sur la notion de communication et de partage entre les partenaires.<\/p>\n","protected":false},"excerpt":{"rendered":"<p>Origines et histoire :V\u00e9ritable danse de rue, le Lindy Hop s\u2019est d\u00e9velopp\u00e9 dans la communaut\u00e9 afro-am\u00e9ricaine de Harlem \u00e0 New York, vers la fin des ann\u00e9es 20 en parall\u00e8le du jazz et du swing.Pratiqu\u00e9e dans les bals swing, le Lindy Hop gagne rapidement en popularit\u00e9 gr\u00e2ce \u00e0 lamutiplication des \u00ab Big Bands \u00bb dans les &hellip; <\/p>\n<p class=\"link-more\"><a href=\"https:\/\/latinnrock.fr\/index.php\/le-lindy-hop\/\" class=\"more-link\">Continuer la lecture<span class=\"screen-reader-text\"> de &laquo;&nbsp;Lindy Hop&nbsp;&raquo;<\/span><\/a><\/p>\n","protected":false},"author":2,"featured_media":0,"parent":0,"menu_order":0,"comment_status":"closed","ping_status":"closed","template":"","meta":{"footnotes":""},"class_list":["post-619","page","type-page","status-publish","hentry"],"_links":{"self":[{"href":"https:\/\/latinnrock.fr\/index.php\/wp-json\/wp\/v2\/pages\/619","targetHints":{"allow":["GET"]}}],"collection":[{"href":"https:\/\/latinnrock.fr\/index.php\/wp-json\/wp\/v2\/pages"}],"about":[{"href":"https:\/\/latinnrock.fr\/index.php\/wp-json\/wp\/v2\/types\/page"}],"author":[{"embeddable":true,"href":"https:\/\/latinnrock.fr\/index.php\/wp-json\/wp\/v2\/users\/2"}],"replies":[{"embeddable":true,"href":"https:\/\/latinnrock.fr\/index.php\/wp-json\/wp\/v2\/comments?post=619"}],"version-history":[{"count":7,"href":"https:\/\/latinnrock.fr\/index.php\/wp-json\/wp\/v2\/pages\/619\/revisions"}],"predecessor-version":[{"id":942,"href":"https:\/\/latinnrock.fr\/index.php\/wp-json\/wp\/v2\/pages\/619\/revisions\/942"}],"wp:attachment":[{"href":"https:\/\/latinnrock.fr\/index.php\/wp-json\/wp\/v2\/media?parent=619"}],"curies":[{"name":"wp","href":"https:\/\/api.w.org\/{rel}","templated":true}]}}