{"id":621,"date":"2024-08-05T18:18:43","date_gmt":"2024-08-05T16:18:43","guid":{"rendered":"https:\/\/latinnrock.fr\/?page_id=621"},"modified":"2024-08-07T07:58:21","modified_gmt":"2024-08-07T05:58:21","slug":"le-west-coast-swing","status":"publish","type":"page","link":"https:\/\/latinnrock.fr\/index.php\/le-west-coast-swing\/","title":{"rendered":"Le West Coast Swing"},"content":{"rendered":"\n<p><\/p>\n\n\n\n<p>Origines :<\/p>\n\n\n\n<p>Le <strong>West Coast Swing<\/strong> (WCS) est une danse de couple d\u00e9riv\u00e9e du swing des ann\u00e9es 30\/40.<\/p>\n\n\n\n<p>Avant de devenir une danse \u00e0 part enti\u00e8re avec ses sp\u00e9cificit\u00e9s et son univers, le WCS s\u2019est donc nourri de plusieurs autres danses et notamment du lindy Hop.<\/p>\n\n\n\n<figure class=\"wp-block-image size-large is-resized\"><img loading=\"lazy\" decoding=\"async\" width=\"768\" height=\"1024\" src=\"https:\/\/latinnrock.fr\/wp-content\/uploads\/2024\/08\/IMG_20240121_113017-768x1024.jpg\" alt=\"\" class=\"wp-image-647\" style=\"width:300px\" srcset=\"https:\/\/latinnrock.fr\/wp-content\/uploads\/2024\/08\/IMG_20240121_113017-768x1024.jpg 768w, https:\/\/latinnrock.fr\/wp-content\/uploads\/2024\/08\/IMG_20240121_113017-225x300.jpg 225w, https:\/\/latinnrock.fr\/wp-content\/uploads\/2024\/08\/IMG_20240121_113017-1152x1536.jpg 1152w, https:\/\/latinnrock.fr\/wp-content\/uploads\/2024\/08\/IMG_20240121_113017-1536x2048.jpg 1536w, https:\/\/latinnrock.fr\/wp-content\/uploads\/2024\/08\/IMG_20240121_113017-scaled.jpg 1920w\" sizes=\"auto, (max-width: 767px) 89vw, (max-width: 1000px) 54vw, (max-width: 1071px) 543px, 580px\" \/><\/figure>\n\n\n\n<p><strong>Le WCS en France<\/strong> :\u00a0<\/p>\n\n\n\n<p>Il commence \u00e0 se faire conna\u00eetre en 2003 et se r\u00e9pand progressivement,&nbsp; notamment dans des villes comme Paris, Lyon, Toulouse ou Montpellier o\u00f9 il conna\u00eet un d\u00e9veloppement exponentiel.&nbsp;<\/p>\n\n\n\n<p><strong>Sp\u00e9cificit\u00e9s<\/strong> :<\/p>\n\n\n\n<p>Le <strong>West Coast Swing<\/strong> se caract\u00e9rise par des mouvements \u00ab coul\u00e9s \u00bb, fluides et \u00e9lastiques entre les deux danseurs. La particularit\u00e9 de cette danse repose en outre sur une notion de contraste, une alternance de douceur et d\u2019\u00e9nergie.<\/p>\n\n\n\n<p>Le WCS peut, en effet, \u00eatre tr\u00e8s sensuel mais aussi tr\u00e8s tonique voire acrobatique pour les danseurs les plus exp\u00e9riment\u00e9s.<\/p>\n\n\n\n<p>Danse tr\u00e8s riche, le West Coast Swing allie interpr\u00e9tation musicale et jeux entre partenaires laissant libre cours \u00e0 l\u2019improvisation et permettant amusement et complicit\u00e9.<\/p>\n\n\n\n<p>Public :<\/p>\n\n\n\n<p>Initialement dans\u00e9 sur du blues, le WCS&nbsp; a toujours su \u00e9voluer \u00e0 travers les \u00e9poques et les diff\u00e9rents courants musicaux : jazz, disco, funk, R&rsquo;N&rsquo;B, pop, soul&#8230;&nbsp;<\/p>\n\n\n\n<p>C\u2019est l\u2019une des raisons pour laquelle, le West Coast Swing attire aussi bien les anciens danseurs de rock que la jeune g\u00e9n\u00e9ration.<\/p>\n\n\n\n<p>Les plus \u00e2g\u00e9s optent pour une danse moins \u00ab traumatisante \u00bb pour les articulations ou ont tout simplement envie d\u2019\u00e9voluer vers une danse plus cr\u00e9ative.&nbsp;<\/p>\n\n\n\n<p>Les plus jeunes (mais pas qu\u2019eux\u2026) appr\u00e9cient le c\u00f4t\u00e9 ludique de cette danse et de pouvoir s\u2019exprimer sur tout type de musique y compris les plus contemporaines.<\/p>\n\n\n\n<p>Jeunes et moins jeunes, se retrouvent donc autour d\u2019une passion commune : la danse !<\/p>\n\n\n\n<p>Et on valide le caract\u00e8re interg\u00e9n\u00e9rationnel des soir\u00e9es et \u00e9v\u00e8nements <strong>West Coast Swing<\/strong>.<\/p>\n\n\n\n<p><a href=\"mailto:latinnrock81@gmail.com\">latinnrock81@gmail.com<\/a><\/p>\n\n\n\n<p>06 14 45 13 60 <\/p>\n","protected":false},"excerpt":{"rendered":"<p>Origines : Le West Coast Swing (WCS) est une danse de couple d\u00e9riv\u00e9e du swing des ann\u00e9es 30\/40. Avant de devenir une danse \u00e0 part enti\u00e8re avec ses sp\u00e9cificit\u00e9s et son univers, le WCS s\u2019est donc nourri de plusieurs autres danses et notamment du lindy Hop. Le WCS en France :\u00a0 Il commence \u00e0 se &hellip; <\/p>\n<p class=\"link-more\"><a href=\"https:\/\/latinnrock.fr\/index.php\/le-west-coast-swing\/\" class=\"more-link\">Continuer la lecture<span class=\"screen-reader-text\"> de &laquo;&nbsp;Le West Coast Swing&nbsp;&raquo;<\/span><\/a><\/p>\n","protected":false},"author":2,"featured_media":0,"parent":0,"menu_order":0,"comment_status":"closed","ping_status":"closed","template":"","meta":{"footnotes":""},"class_list":["post-621","page","type-page","status-publish","hentry"],"_links":{"self":[{"href":"https:\/\/latinnrock.fr\/index.php\/wp-json\/wp\/v2\/pages\/621","targetHints":{"allow":["GET"]}}],"collection":[{"href":"https:\/\/latinnrock.fr\/index.php\/wp-json\/wp\/v2\/pages"}],"about":[{"href":"https:\/\/latinnrock.fr\/index.php\/wp-json\/wp\/v2\/types\/page"}],"author":[{"embeddable":true,"href":"https:\/\/latinnrock.fr\/index.php\/wp-json\/wp\/v2\/users\/2"}],"replies":[{"embeddable":true,"href":"https:\/\/latinnrock.fr\/index.php\/wp-json\/wp\/v2\/comments?post=621"}],"version-history":[{"count":2,"href":"https:\/\/latinnrock.fr\/index.php\/wp-json\/wp\/v2\/pages\/621\/revisions"}],"predecessor-version":[{"id":648,"href":"https:\/\/latinnrock.fr\/index.php\/wp-json\/wp\/v2\/pages\/621\/revisions\/648"}],"wp:attachment":[{"href":"https:\/\/latinnrock.fr\/index.php\/wp-json\/wp\/v2\/media?parent=621"}],"curies":[{"name":"wp","href":"https:\/\/api.w.org\/{rel}","templated":true}]}}