{"id":802,"date":"2024-08-10T18:36:51","date_gmt":"2024-08-10T16:36:51","guid":{"rendered":"https:\/\/latinnrock.fr\/?page_id=802"},"modified":"2025-12-24T10:31:59","modified_gmt":"2025-12-24T09:31:59","slug":"evenements-en-cours","status":"publish","type":"page","link":"https:\/\/latinnrock.fr\/index.php\/evenements-en-cours\/","title":{"rendered":"\u00c9v\u00e9nements \u00e0 venir"},"content":{"rendered":"\n<hr class=\"wp-block-separator aligncenter has-alpha-channel-opacity is-style-wide\"\/>\n\n\n\n<h2 class=\"wp-block-heading has-text-align-center\"><strong>Sunday Rock&rsquo;N Roll au Samy&rsquo;s Diner le 11 janvier<\/strong><\/h2>\n\n\n<div class=\"wp-block-image\">\n<figure class=\"aligncenter size-large\"><img loading=\"lazy\" decoding=\"async\" width=\"1024\" height=\"576\" src=\"https:\/\/latinnrock.fr\/wp-content\/uploads\/2025\/12\/sundayRnR-1024x576.jpg\" alt=\"\" class=\"wp-image-1097\" srcset=\"https:\/\/latinnrock.fr\/wp-content\/uploads\/2025\/12\/sundayRnR-1024x576.jpg 1024w, https:\/\/latinnrock.fr\/wp-content\/uploads\/2025\/12\/sundayRnR-300x169.jpg 300w, https:\/\/latinnrock.fr\/wp-content\/uploads\/2025\/12\/sundayRnR-768x432.jpg 768w, https:\/\/latinnrock.fr\/wp-content\/uploads\/2025\/12\/sundayRnR-1536x864.jpg 1536w, https:\/\/latinnrock.fr\/wp-content\/uploads\/2025\/12\/sundayRnR.jpg 1920w\" sizes=\"auto, (max-width: 767px) 89vw, (max-width: 1000px) 54vw, (max-width: 1071px) 543px, 580px\" \/><\/figure>\n<\/div>\n\n\n<hr class=\"wp-block-separator aligncenter has-alpha-channel-opacity is-style-wide\"\/>\n\n\n\n<h2 class=\"wp-block-heading has-text-align-center\"><strong>Sunday Latin&rsquo;N Kiz le 8 f\u00e9vrier au Samy&rsquo;s Diner<\/strong><\/h2>\n\n\n<div class=\"wp-block-image\">\n<figure class=\"aligncenter size-large\"><img loading=\"lazy\" decoding=\"async\" width=\"1024\" height=\"576\" src=\"https:\/\/latinnrock.fr\/wp-content\/uploads\/2025\/12\/sundayLatin-1024x576.jpg\" alt=\"\" class=\"wp-image-1098\" srcset=\"https:\/\/latinnrock.fr\/wp-content\/uploads\/2025\/12\/sundayLatin-1024x576.jpg 1024w, https:\/\/latinnrock.fr\/wp-content\/uploads\/2025\/12\/sundayLatin-300x169.jpg 300w, https:\/\/latinnrock.fr\/wp-content\/uploads\/2025\/12\/sundayLatin-768x432.jpg 768w, https:\/\/latinnrock.fr\/wp-content\/uploads\/2025\/12\/sundayLatin-1536x864.jpg 1536w, https:\/\/latinnrock.fr\/wp-content\/uploads\/2025\/12\/sundayLatin.jpg 1599w\" sizes=\"auto, (max-width: 767px) 89vw, (max-width: 1000px) 54vw, (max-width: 1071px) 543px, 580px\" \/><\/figure>\n<\/div>\n\n\n<hr class=\"wp-block-separator aligncenter has-alpha-channel-opacity is-style-wide\"\/>\n\n\n\n<h2 class=\"wp-block-heading has-text-align-center\"><strong>Sunday Rock au Samy&rsquo;s Diner Dimanche 29 mars<\/strong><\/h2>\n\n\n<div class=\"wp-block-image\">\n<figure class=\"aligncenter size-large\"><img loading=\"lazy\" decoding=\"async\" width=\"1024\" height=\"576\" src=\"https:\/\/latinnrock.fr\/wp-content\/uploads\/2025\/12\/sundayRock-1024x576.jpg\" alt=\"\" class=\"wp-image-1101\" srcset=\"https:\/\/latinnrock.fr\/wp-content\/uploads\/2025\/12\/sundayRock-1024x576.jpg 1024w, https:\/\/latinnrock.fr\/wp-content\/uploads\/2025\/12\/sundayRock-300x169.jpg 300w, https:\/\/latinnrock.fr\/wp-content\/uploads\/2025\/12\/sundayRock-768x432.jpg 768w, https:\/\/latinnrock.fr\/wp-content\/uploads\/2025\/12\/sundayRock-1536x864.jpg 1536w, https:\/\/latinnrock.fr\/wp-content\/uploads\/2025\/12\/sundayRock.jpg 1920w\" sizes=\"auto, (max-width: 767px) 89vw, (max-width: 1000px) 54vw, (max-width: 1071px) 543px, 580px\" \/><\/figure>\n<\/div>\n\n\n<hr class=\"wp-block-separator aligncenter has-alpha-channel-opacity is-style-wide\"\/>\n\n\n\n<h2 class=\"wp-block-heading has-text-align-center\"><strong>L&rsquo;aperitivo du printemps le 3 avril<\/strong><\/h2>\n\n\n\n<figure class=\"wp-block-image size-large\"><img loading=\"lazy\" decoding=\"async\" width=\"1024\" height=\"576\" src=\"https:\/\/latinnrock.fr\/wp-content\/uploads\/2025\/12\/aperitivo-1024x576.jpg\" alt=\"\" class=\"wp-image-1102\" srcset=\"https:\/\/latinnrock.fr\/wp-content\/uploads\/2025\/12\/aperitivo-1024x576.jpg 1024w, https:\/\/latinnrock.fr\/wp-content\/uploads\/2025\/12\/aperitivo-300x169.jpg 300w, https:\/\/latinnrock.fr\/wp-content\/uploads\/2025\/12\/aperitivo-768x432.jpg 768w, https:\/\/latinnrock.fr\/wp-content\/uploads\/2025\/12\/aperitivo-1536x864.jpg 1536w, https:\/\/latinnrock.fr\/wp-content\/uploads\/2025\/12\/aperitivo.jpg 1599w\" sizes=\"auto, (max-width: 767px) 89vw, (max-width: 1000px) 54vw, (max-width: 1071px) 543px, 580px\" \/><\/figure>\n\n\n\n<hr class=\"wp-block-separator aligncenter has-alpha-channel-opacity is-style-wide\"\/>\n","protected":false},"excerpt":{"rendered":"<p>Sunday Rock&rsquo;N Roll au Samy&rsquo;s Diner le 11 janvier Sunday Latin&rsquo;N Kiz le 8 f\u00e9vrier au Samy&rsquo;s Diner Sunday Rock au Samy&rsquo;s Diner Dimanche 29 mars L&rsquo;aperitivo du printemps le 3 avril<\/p>\n","protected":false},"author":3,"featured_media":0,"parent":0,"menu_order":0,"comment_status":"closed","ping_status":"closed","template":"","meta":{"footnotes":""},"class_list":["post-802","page","type-page","status-publish","hentry"],"_links":{"self":[{"href":"https:\/\/latinnrock.fr\/index.php\/wp-json\/wp\/v2\/pages\/802","targetHints":{"allow":["GET"]}}],"collection":[{"href":"https:\/\/latinnrock.fr\/index.php\/wp-json\/wp\/v2\/pages"}],"about":[{"href":"https:\/\/latinnrock.fr\/index.php\/wp-json\/wp\/v2\/types\/page"}],"author":[{"embeddable":true,"href":"https:\/\/latinnrock.fr\/index.php\/wp-json\/wp\/v2\/users\/3"}],"replies":[{"embeddable":true,"href":"https:\/\/latinnrock.fr\/index.php\/wp-json\/wp\/v2\/comments?post=802"}],"version-history":[{"count":6,"href":"https:\/\/latinnrock.fr\/index.php\/wp-json\/wp\/v2\/pages\/802\/revisions"}],"predecessor-version":[{"id":1107,"href":"https:\/\/latinnrock.fr\/index.php\/wp-json\/wp\/v2\/pages\/802\/revisions\/1107"}],"wp:attachment":[{"href":"https:\/\/latinnrock.fr\/index.php\/wp-json\/wp\/v2\/media?parent=802"}],"curies":[{"name":"wp","href":"https:\/\/api.w.org\/{rel}","templated":true}]}}