{"id":81,"date":"2024-06-06T15:33:23","date_gmt":"2024-06-06T13:33:23","guid":{"rendered":"https:\/\/latinnrock.fr\/?page_id=81"},"modified":"2024-08-15T10:08:03","modified_gmt":"2024-08-15T08:08:03","slug":"bachata","status":"publish","type":"page","link":"https:\/\/latinnrock.fr\/index.php\/bachata\/","title":{"rendered":"Laurent DEBRIE et V\u00e9ronique"},"content":{"rendered":"\n<p><\/p>\n\n\n\n<figure class=\"wp-block-image size-full is-resized\"><img loading=\"lazy\" decoding=\"async\" width=\"325\" height=\"566\" src=\"https:\/\/latinnrock.fr\/wp-content\/uploads\/2024\/08\/vero-lo.png\" alt=\"\" class=\"wp-image-716\" style=\"width:300px\" srcset=\"https:\/\/latinnrock.fr\/wp-content\/uploads\/2024\/08\/vero-lo.png 325w, https:\/\/latinnrock.fr\/wp-content\/uploads\/2024\/08\/vero-lo-172x300.png 172w\" sizes=\"auto, (max-width: 325px) 100vw, 325px\" \/><\/figure>\n\n\n\n<p>Laurent a fait ses premiers pas dans la danse il y a quatorze ans en commen\u00e7ant par la Salsa.<\/p>\n\n\n\n<p>Il a ensuite d\u00e9couvert la<strong><a href=\"https:\/\/latinnrock.fr\/index.php\/la-bachata\/\" data-type=\"page\" data-id=\"610\"> Bachata moderne<\/a><\/strong> puis la sensuelle et, quelques ann\u00e9es plus tard, la kizomba.<\/p>\n\n\n\n<p>Depuis, il continue de se former tout en partageant ses connaissances avec celles et ceux qui souhaitent d\u00e9couvrir la <strong><a href=\"https:\/\/latinnrock.fr\/index.php\/la-bachata\/\" data-type=\"page\" data-id=\"610\">Bachata<\/a><\/strong> et la Kizomba.<\/p>\n\n\n\n<p>Pour ces deux disciplines, Laurent aime apporter sa touche personnelle et son style.<\/p>\n\n\n\n<p>Empathique, p\u00e9dagogue et \u00e0 l\u2019\u00e9coute, il vous proposera un enseignement bienveillant dans un climat de confiance.<\/p>\n\n\n\n<p>L\u2019objectif de son apprentissage est de vous faire progresser dans la bonne humeur en partageant avec vous, son plaisir de danser et de transmettre.<\/p>\n\n\n\n<p>Ses cours de <a href=\"https:\/\/latinnrock.fr\/index.php\/la-bachata\/\" data-type=\"page\" data-id=\"610\"><strong>Bachata<\/strong><\/a>, niveau d\u00e9butant et faux d\u00e9butant (un an de pratique) vous permettront d\u2019acqu\u00e9rir, rapidement, des bases solides en tant que Guideur ou Guid\u00e9, (les danseuses peuvent en effet opter pour \u00ab le guidage gar\u00e7on \u00bb).<\/p>\n\n\n\n<p>Apr\u00e8s quelques s\u00e9ances, vous pourrez d\u00e9j\u00e0 mettre en pratique en soir\u00e9e, les petits encha\u00eenements acquis.<\/p>\n\n\n\n<hr class=\"wp-block-separator has-alpha-channel-opacity is-style-wide\"\/>\n\n\n\n<p>V\u00e9ronique COLOMBO : <\/p>\n\n\n\n<p>Depuis 2 saisons, Laurent est accompagn\u00e9 pour ses cours par V\u00e9ronique, danseuse exp\u00e9riment\u00e9e dans de nombreuses danses.  (danseuse depuis 11 ans)<\/p>\n\n\n\n<p>Elle a commenc\u00e9 par le Rock puis le Lindy et depuis plusieurs ann\u00e9es , ce sont la Salsa, la Bachata et la Kizomba qui la passionnent.<\/p>\n\n\n\n<p>Elle se forme r\u00e9guli\u00e8rement aupr\u00e8s de professeurs reconnus dans le milieu de la <strong><a href=\"https:\/\/latinnrock.fr\/index.php\/la-bachata\/\" data-type=\"page\" data-id=\"610\">Bachata<\/a><\/strong>, aussi bien en cours particuliers que lors de festivals. Toutes ses exp\u00e9riences lui permettent de vous accompagner \u00e0 perfectionner votre style dans la joie et la bienveillance. <\/p>\n\n\n\n<hr class=\"wp-block-separator has-alpha-channel-opacity\"\/>\n\n\n\n<p><strong><a href=\"https:\/\/latinnrock.fr\/index.php\/la-bachata\/\" data-type=\"page\" data-id=\"610\">La bachata enseign\u00e9e<\/a><\/strong>&nbsp;:<\/p>\n\n\n\n<p><a href=\"https:\/\/latinnrock.fr\/index.php\/la-bachata\/\" data-type=\"page\" data-id=\"610\"><strong>La bachata <\/strong><\/a>est une danse tr\u00e8s accessible et festive.<\/p>\n\n\n\n<p>Un danseur d\u00e9butant, peut, sans aucune difficult\u00e9, apprendre les pas de base et progresser tr\u00e8s rapidement.<\/p>\n\n\n\n<p>Fusion, Sensuelle, Moderne ou Dominicaine, vous vous demandez peut-\u00eatre quelle bachata vous allez apprendre chez Latin\u2019N Rock&nbsp;?<\/p>\n\n\n\n<p>Laurent et V\u00e9ronique vous proposent une combinaison de ces diff\u00e9rentes variations tout en respectant les limites de chacun.<\/p>\n\n\n\n<p>Les cours se d\u00e9roulent en effet dans une ambiance plaisante, conviviale, dynamique et ludique. L\u2019objectif est de prendre plaisir \u00e0 progresser et \u00e0 mettre en pratique, dans le cadre des soir\u00e9es, ce que vous avez appris en cours.<\/p>\n\n\n\n<p>En quelques semaines, vous pourrez briller aupr\u00e8s de vos partenaires et, par l\u00e0 m\u00eame occasion, faire briller leurs yeux.<\/p>\n","protected":false},"excerpt":{"rendered":"<p>Laurent a fait ses premiers pas dans la danse il y a quatorze ans en commen\u00e7ant par la Salsa. Il a ensuite d\u00e9couvert la Bachata moderne puis la sensuelle et, quelques ann\u00e9es plus tard, la kizomba. Depuis, il continue de se former tout en partageant ses connaissances avec celles et ceux qui souhaitent d\u00e9couvrir la &hellip; <\/p>\n<p class=\"link-more\"><a href=\"https:\/\/latinnrock.fr\/index.php\/bachata\/\" class=\"more-link\">Continuer la lecture<span class=\"screen-reader-text\"> de &laquo;&nbsp;Laurent DEBRIE et V\u00e9ronique&nbsp;&raquo;<\/span><\/a><\/p>\n","protected":false},"author":1,"featured_media":0,"parent":0,"menu_order":0,"comment_status":"closed","ping_status":"closed","template":"","meta":{"footnotes":""},"class_list":["post-81","page","type-page","status-publish","hentry"],"_links":{"self":[{"href":"https:\/\/latinnrock.fr\/index.php\/wp-json\/wp\/v2\/pages\/81","targetHints":{"allow":["GET"]}}],"collection":[{"href":"https:\/\/latinnrock.fr\/index.php\/wp-json\/wp\/v2\/pages"}],"about":[{"href":"https:\/\/latinnrock.fr\/index.php\/wp-json\/wp\/v2\/types\/page"}],"author":[{"embeddable":true,"href":"https:\/\/latinnrock.fr\/index.php\/wp-json\/wp\/v2\/users\/1"}],"replies":[{"embeddable":true,"href":"https:\/\/latinnrock.fr\/index.php\/wp-json\/wp\/v2\/comments?post=81"}],"version-history":[{"count":17,"href":"https:\/\/latinnrock.fr\/index.php\/wp-json\/wp\/v2\/pages\/81\/revisions"}],"predecessor-version":[{"id":908,"href":"https:\/\/latinnrock.fr\/index.php\/wp-json\/wp\/v2\/pages\/81\/revisions\/908"}],"wp:attachment":[{"href":"https:\/\/latinnrock.fr\/index.php\/wp-json\/wp\/v2\/media?parent=81"}],"curies":[{"name":"wp","href":"https:\/\/api.w.org\/{rel}","templated":true}]}}