{"id":82,"date":"2024-06-06T15:33:23","date_gmt":"2024-06-06T13:33:23","guid":{"rendered":"https:\/\/latinnrock.fr\/?page_id=82"},"modified":"2025-05-02T16:54:05","modified_gmt":"2025-05-02T14:54:05","slug":"kizomba","status":"publish","type":"page","link":"https:\/\/latinnrock.fr\/index.php\/kizomba\/","title":{"rendered":"An&rsquo;So GRAND"},"content":{"rendered":"\n<hr class=\"wp-block-separator aligncenter has-alpha-channel-opacity is-style-wide\"\/>\n\n\n<div class=\"wp-block-image\">\n<figure class=\"aligncenter size-medium\"><img loading=\"lazy\" decoding=\"async\" width=\"300\" height=\"300\" src=\"https:\/\/latinnrock.fr\/wp-content\/uploads\/2024\/08\/1722698127223-300x300.jpg\" alt=\"\" class=\"wp-image-506\" srcset=\"https:\/\/latinnrock.fr\/wp-content\/uploads\/2024\/08\/1722698127223-300x300.jpg 300w, https:\/\/latinnrock.fr\/wp-content\/uploads\/2024\/08\/1722698127223-150x150.jpg 150w, https:\/\/latinnrock.fr\/wp-content\/uploads\/2024\/08\/1722698127223-768x767.jpg 768w, https:\/\/latinnrock.fr\/wp-content\/uploads\/2024\/08\/1722698127223-100x100.jpg 100w, https:\/\/latinnrock.fr\/wp-content\/uploads\/2024\/08\/1722698127223.jpg 1020w\" sizes=\"auto, (max-width: 300px) 100vw, 300px\" \/><\/figure>\n<\/div>\n\n\n<p class=\"has-text-align-left\">Nouvelle venue dans l&rsquo;association, elle sera des n\u00f4tres \u00e0 la rentr\u00e9e pour des cours de KIZOMBA et SEMBA.<\/p>\n\n\n\n<p class=\"has-text-align-left\">Toulousaine de naissance, An&rsquo;So a \u00e9t\u00e9 propuls\u00e9e dans le monde de la danse avec la d\u00e9couverte de la salsa cubaine puis portoricaine d\u00e8s 2005.<\/p>\n\n\n\n<p class=\"has-text-align-left\">Sa formation initiale la destinait pourtant \u00e0 une toute autre carri\u00e8re professionnelle alors orient\u00e9e vers l\u2019Histoire, l\u2019enseignement, le monde de l\u2019\u00e9dition ou du journalisme.<\/p>\n\n\n\n<p class=\"has-text-align-left\">En 2010, apr\u00e8s avoir d\u00e9couvert l\u2019univers musical capverdien, elle organise les premiers cours de kizomba avec des intervenants nationaux \u00e0 Toulouse, donnant ainsi naissance \u00e0 la premi\u00e8re communaut\u00e9 kizomba toulousaine. A cette \u00e9poque, elle travaille r\u00e9guli\u00e8rement avec David (Jazzy) organisateur et professeurs de salsa et kizomba \u00e0 Paris, et fonde Cubango Connexion (2010) qui deviendra, \u00e0 la fin de leur collaboration, Cubango Connexion Tlse (2013).<\/p>\n\n\n\n<p class=\"has-text-align-left\">Form\u00e9e \u00e0 quelques mois d\u2019intervalles \u00e0 cette danse avec Nima, alors d\u00e9j\u00e0 professeur de salsa \u00e0 Toulouse, ils d\u00e9butent en 2011 un partenariat qui les m\u00e8nera \u00e0 une carri\u00e8re nationale et internationale apr\u00e8s leur passage remarqu\u00e9 \u00e0 \u00ab Africadan\u00e7ar \u00bb en 2014 (concours de kizomba international).<br>Entre janvier 2011 et juin 2024, ils enseignent et forment de nouveaux CUBANGO LOVERS \u00e0 Toulouse au sein du groupe Cubango Connexion Toulouse, mais aussi dans le monde entier quand les bookings leur font traverser les fronti\u00e8res (U.S, Canada, Gabon, Tahiti, Espagne, Roumanie, Pologne, Allemagne, Norv\u00e8ge\u2026).<\/p>\n\n\n\n<p class=\"has-text-align-left\">2024 marque un tournant d\u00e9cisif dans leur longue collaboration : Nima changeant compl\u00e8tement de projet professionnel et souhaitant une \u00ab retraite \u00bb anticip\u00e9e, les activit\u00e9s communes touchent \u00e0 leur fin.<\/p>\n\n\n\n<p class=\"has-text-align-left\">Malgr\u00e9 tout, la p\u00e9dagogie ayant toujours \u00e9t\u00e9 le fer de lance de leur enseignement et forte de leur longue collaboration, An\u2019So a d\u00e9velopp\u00e9 la capacit\u00e9 de danser et d\u2019enseigner tant en leader qu\u2019en follower ce qui explique sa pr\u00e9sence en \u00ab solo \u00bb lors de certains \u00e9v\u00e8nements afin de transmettre son enseignement avec passion, rigueur et bonne humeur.<\/p>\n\n\n\n<p class=\"has-text-align-left\"><\/p>\n\n\n\n<figure class=\"wp-block-embed aligncenter is-type-video is-provider-youtube wp-block-embed-youtube wp-embed-aspect-16-9 wp-has-aspect-ratio\"><div class=\"wp-block-embed__wrapper\">\n<iframe loading=\"lazy\" title=\"Merci An&#039;So ! Kizomba Semba\" width=\"525\" height=\"295\" src=\"https:\/\/www.youtube.com\/embed\/GeEiIZOoYOo?feature=oembed\" frameborder=\"0\" allow=\"accelerometer; autoplay; clipboard-write; encrypted-media; gyroscope; picture-in-picture; web-share\" referrerpolicy=\"strict-origin-when-cross-origin\" allowfullscreen><\/iframe>\n<\/div><\/figure>\n\n\n\n<p class=\"has-text-align-left\"><\/p>\n\n\n\n<hr class=\"wp-block-separator aligncenter has-alpha-channel-opacity is-style-wide\"\/>\n","protected":false},"excerpt":{"rendered":"<p>Nouvelle venue dans l&rsquo;association, elle sera des n\u00f4tres \u00e0 la rentr\u00e9e pour des cours de KIZOMBA et SEMBA. Toulousaine de naissance, An&rsquo;So a \u00e9t\u00e9 propuls\u00e9e dans le monde de la danse avec la d\u00e9couverte de la salsa cubaine puis portoricaine d\u00e8s 2005. Sa formation initiale la destinait pourtant \u00e0 une toute autre carri\u00e8re professionnelle alors &hellip; <\/p>\n<p class=\"link-more\"><a href=\"https:\/\/latinnrock.fr\/index.php\/kizomba\/\" class=\"more-link\">Continuer la lecture<span class=\"screen-reader-text\"> de &laquo;&nbsp;An&rsquo;So GRAND&nbsp;&raquo;<\/span><\/a><\/p>\n","protected":false},"author":1,"featured_media":0,"parent":0,"menu_order":0,"comment_status":"closed","ping_status":"closed","template":"","meta":{"footnotes":""},"class_list":["post-82","page","type-page","status-publish","hentry"],"_links":{"self":[{"href":"https:\/\/latinnrock.fr\/index.php\/wp-json\/wp\/v2\/pages\/82","targetHints":{"allow":["GET"]}}],"collection":[{"href":"https:\/\/latinnrock.fr\/index.php\/wp-json\/wp\/v2\/pages"}],"about":[{"href":"https:\/\/latinnrock.fr\/index.php\/wp-json\/wp\/v2\/types\/page"}],"author":[{"embeddable":true,"href":"https:\/\/latinnrock.fr\/index.php\/wp-json\/wp\/v2\/users\/1"}],"replies":[{"embeddable":true,"href":"https:\/\/latinnrock.fr\/index.php\/wp-json\/wp\/v2\/comments?post=82"}],"version-history":[{"count":8,"href":"https:\/\/latinnrock.fr\/index.php\/wp-json\/wp\/v2\/pages\/82\/revisions"}],"predecessor-version":[{"id":990,"href":"https:\/\/latinnrock.fr\/index.php\/wp-json\/wp\/v2\/pages\/82\/revisions\/990"}],"wp:attachment":[{"href":"https:\/\/latinnrock.fr\/index.php\/wp-json\/wp\/v2\/media?parent=82"}],"curies":[{"name":"wp","href":"https:\/\/api.w.org\/{rel}","templated":true}]}}