{"id":84,"date":"2024-06-06T15:33:23","date_gmt":"2024-06-06T13:33:23","guid":{"rendered":"https:\/\/latinnrock.fr\/?page_id=84"},"modified":"2024-08-11T13:58:30","modified_gmt":"2024-08-11T11:58:30","slug":"salsa","status":"publish","type":"page","link":"https:\/\/latinnrock.fr\/index.php\/salsa\/","title":{"rendered":"Firmin LO WING"},"content":{"rendered":"\n<p class=\"has-text-align-center\"><\/p>\n\n\n<div class=\"wp-block-image\">\n<figure class=\"alignleft size-medium\"><img loading=\"lazy\" decoding=\"async\" width=\"300\" height=\"300\" src=\"https:\/\/latinnrock.fr\/wp-content\/uploads\/2024\/08\/1722697390301-300x300.jpg\" alt=\"\" class=\"wp-image-518\" srcset=\"https:\/\/latinnrock.fr\/wp-content\/uploads\/2024\/08\/1722697390301-300x300.jpg 300w, https:\/\/latinnrock.fr\/wp-content\/uploads\/2024\/08\/1722697390301-1024x1024.jpg 1024w, https:\/\/latinnrock.fr\/wp-content\/uploads\/2024\/08\/1722697390301-150x150.jpg 150w, https:\/\/latinnrock.fr\/wp-content\/uploads\/2024\/08\/1722697390301-768x768.jpg 768w, https:\/\/latinnrock.fr\/wp-content\/uploads\/2024\/08\/1722697390301-100x100.jpg 100w, https:\/\/latinnrock.fr\/wp-content\/uploads\/2024\/08\/1722697390301.jpg 1080w\" sizes=\"auto, (max-width: 300px) 100vw, 300px\" \/><\/figure>\n<\/div>\n\n\n<p><strong>Firmin Lo Wing<\/strong>, <strong>Prof de Salsa<\/strong> chez <strong>Latin&rsquo;N Rock<\/strong> depuis 3 ans.<\/p>\n\n\n\n<p>Firmin est un sp\u00e9cialiste de la <strong>Salsa Cubaine<\/strong> et c&rsquo;est d&rsquo;ailleurs \u00e0 Cuba qu&rsquo;il a \u00e9t\u00e9 form\u00e9 pendant plusieurs ann\u00e9es.<\/p>\n\n\n\n<p>Depuis il n&rsquo;a cess\u00e9 d&rsquo;acquerir ses comp\u00e9tences \u00e0 Paris, Toulouse et \u00e0 travers le monde.<\/p>\n\n\n\n<p>Depuis il enseigne cette danse riche et dynamique dans la r\u00e9gion toulousaine, formant \u00e0 son tour des danseurs de Salsa \u00e0 travers la France o\u00f9 sa p\u00e9dagogie innovante est reconnue.&nbsp;<\/p>\n\n\n\n<p>Il est avant tout un amoureux de la danse et prend beaucoup de plaisir \u00e0 la transmettre aux \u00e9l\u00e8ves. <\/p>\n\n\n\n<p>L&rsquo;enseignement avec <strong>Firmin  LO WING,<\/strong> c&rsquo;est bienveillance, sourire et ambiance garantie !<\/p>\n\n\n\n<p>Ayant \u00e9t\u00e9 touch\u00e9 par ce virus d\u00e8s l\u2019\u00e2ge de 14 ans, il n\u2019a jamais cess\u00e9 d\u2019apprendre !\u2026Hip-hop, danses de salon, lindy-hop en faisant partie de la troupe professionnelle \u00ab The Happy Swingers \u00bb.<\/p>\n\n\n\n<p>Si vous souhaitez en savoir plus sur la  Salsa cubaine : <a href=\"https:\/\/latinnrock.fr\/index.php\/la-salsa\/\" data-type=\"page\" data-id=\"585\">LA SALSA<\/a><\/p>\n\n\n\n<p>3 niveaux vous sont propos\u00e9s :&nbsp;<\/p>\n\n\n\n<div class=\"wp-block-group is-vertical is-layout-flex wp-container-core-group-is-layout-8cf370e7 wp-block-group-is-layout-flex\">\n<p>1\/ D\u00e9butant,&nbsp;<\/p>\n\n\n\n<p>2\/ Interm\u00e9diaire&nbsp;<\/p>\n\n\n\n<p>3\/ Salsa, Rueda, Son pour danseurs confirm\u00e9s&nbsp;<\/p>\n<\/div>\n\n\n\n<p>Renseignements : 06 14 45 13 60<\/p>\n\n\n\n<p><a href=\"mailto:latinnrock81@gmail.com\">latinnrock81@gmail.com<\/a><\/p>\n\n\n\n<p><\/p>\n","protected":false},"excerpt":{"rendered":"<p>Firmin Lo Wing, Prof de Salsa chez Latin&rsquo;N Rock depuis 3 ans. Firmin est un sp\u00e9cialiste de la Salsa Cubaine et c&rsquo;est d&rsquo;ailleurs \u00e0 Cuba qu&rsquo;il a \u00e9t\u00e9 form\u00e9 pendant plusieurs ann\u00e9es. Depuis il n&rsquo;a cess\u00e9 d&rsquo;acquerir ses comp\u00e9tences \u00e0 Paris, Toulouse et \u00e0 travers le monde. Depuis il enseigne cette danse riche et dynamique &hellip; <\/p>\n<p class=\"link-more\"><a href=\"https:\/\/latinnrock.fr\/index.php\/salsa\/\" class=\"more-link\">Continuer la lecture<span class=\"screen-reader-text\"> de &laquo;&nbsp;Firmin LO WING&nbsp;&raquo;<\/span><\/a><\/p>\n","protected":false},"author":1,"featured_media":0,"parent":0,"menu_order":0,"comment_status":"closed","ping_status":"closed","template":"","meta":{"footnotes":""},"class_list":["post-84","page","type-page","status-publish","hentry"],"_links":{"self":[{"href":"https:\/\/latinnrock.fr\/index.php\/wp-json\/wp\/v2\/pages\/84","targetHints":{"allow":["GET"]}}],"collection":[{"href":"https:\/\/latinnrock.fr\/index.php\/wp-json\/wp\/v2\/pages"}],"about":[{"href":"https:\/\/latinnrock.fr\/index.php\/wp-json\/wp\/v2\/types\/page"}],"author":[{"embeddable":true,"href":"https:\/\/latinnrock.fr\/index.php\/wp-json\/wp\/v2\/users\/1"}],"replies":[{"embeddable":true,"href":"https:\/\/latinnrock.fr\/index.php\/wp-json\/wp\/v2\/comments?post=84"}],"version-history":[{"count":10,"href":"https:\/\/latinnrock.fr\/index.php\/wp-json\/wp\/v2\/pages\/84\/revisions"}],"predecessor-version":[{"id":838,"href":"https:\/\/latinnrock.fr\/index.php\/wp-json\/wp\/v2\/pages\/84\/revisions\/838"}],"wp:attachment":[{"href":"https:\/\/latinnrock.fr\/index.php\/wp-json\/wp\/v2\/media?parent=84"}],"curies":[{"name":"wp","href":"https:\/\/api.w.org\/{rel}","templated":true}]}}