{"id":95,"date":"2024-06-06T15:38:47","date_gmt":"2024-06-06T13:38:47","guid":{"rendered":"https:\/\/latinnrock.fr\/?page_id=95"},"modified":"2024-08-11T13:55:57","modified_gmt":"2024-08-11T11:55:57","slug":"rock","status":"publish","type":"page","link":"https:\/\/latinnrock.fr\/index.php\/rock\/","title":{"rendered":"Laurie VIDAL"},"content":{"rendered":"<div class=\"wp-block-image\">\n<figure class=\"alignleft size-medium\"><img loading=\"lazy\" decoding=\"async\" width=\"300\" height=\"300\" src=\"https:\/\/latinnrock.fr\/wp-content\/uploads\/2024\/08\/1722697390335-300x300.jpg\" alt=\"\" class=\"wp-image-515\" srcset=\"https:\/\/latinnrock.fr\/wp-content\/uploads\/2024\/08\/1722697390335-300x300.jpg 300w, https:\/\/latinnrock.fr\/wp-content\/uploads\/2024\/08\/1722697390335-1024x1024.jpg 1024w, https:\/\/latinnrock.fr\/wp-content\/uploads\/2024\/08\/1722697390335-150x150.jpg 150w, https:\/\/latinnrock.fr\/wp-content\/uploads\/2024\/08\/1722697390335-768x768.jpg 768w, https:\/\/latinnrock.fr\/wp-content\/uploads\/2024\/08\/1722697390335-1536x1536.jpg 1536w, https:\/\/latinnrock.fr\/wp-content\/uploads\/2024\/08\/1722697390335-2048x2048.jpg 2048w, https:\/\/latinnrock.fr\/wp-content\/uploads\/2024\/08\/1722697390335-100x100.jpg 100w\" sizes=\"auto, (max-width: 300px) 100vw, 300px\" \/><\/figure>\n<\/div>\n\n\n<p>Laurie est une passionn\u00e9e de toutes les danses et elle enseigne chez Latin&rsquo;N Rock depuis sa cr\u00e9ation.<\/p>\n\n\n\n<p>D\u00e8s son plus jeune \u00e2ge elle baigne au rythme du Rock &lsquo;n Roll en tant que cavalier dans un club \u00ab\u00a0Mady dance\u00a0\u00bb de Castres.<\/p>\n\n\n\n<p>En 1993 elle obtient la troisi\u00e8me place du Championnat de France en \u00ab\u00a0Dancing\u00a0\u00bb et franchit plusieurs fois la premi\u00e8re marche du podium jusqu&rsquo;en 1996.<\/p>\n\n\n\n<p>Par la suite elle s&rsquo;enrichit de diff\u00e9rentes danses standards et latines.<\/p>\n\n\n\n<p>En 2006 elle d\u00e9couvre la salsa, la bachata&#8230;elle se passionne et int\u00e8gre la troupe de l&rsquo;association Salsa Hermosa.<\/p>\n\n\n\n<p>En 2012, elle se perfectionne dans sa danse de pr\u00e9dilection et suit une formation \u00ab\u00a0Danses Swing\u00a0\u00bb aupr\u00e8s de Michel et Mich\u00e8le de \u00ab\u00a0Cadillac Danse\u00a0\u00bb \u00e0 Toulouse, afin d&rsquo;aboutir \u00e0 son r\u00eave de donner des cours de danses.<\/p>\n\n\n\n<p>Elle enseigne depuis 2013 et continue \u00e0 suivre r\u00e9guli\u00e8rement une formation professionnelle \u00e0 l&rsquo;\u00e9cole de danse du TRAC \u00e0 Toulouse avec Eric Pradal.<\/p>\n\n\n\n<p>En 2024, elle a \u00e9t\u00e9 certifi\u00e9e par la F\u00e9d\u00e9ration Fran\u00e7aise de Danse en Rock et danses associ\u00e9es.\u00a0<\/p>\n\n\n\n<p>Ses cours sont connus pour sa technique mais aussi pour la bonne humeur qui s&rsquo;y d\u00e9gage.<\/p>\n\n\n\n<p>Riche de ces exp\u00e9riences Laurie n&rsquo;a qu&rsquo;une envie : vous transmettre cette passion et partager le plaisir de\u00a0\u00a0danser.<\/p>\n\n\n\n<hr class=\"wp-block-separator has-alpha-channel-opacity is-style-wide\"\/>\n","protected":false},"excerpt":{"rendered":"<p>Laurie est une passionn\u00e9e de toutes les danses et elle enseigne chez Latin&rsquo;N Rock depuis sa cr\u00e9ation. D\u00e8s son plus jeune \u00e2ge elle baigne au rythme du Rock &lsquo;n Roll en tant que cavalier dans un club \u00ab\u00a0Mady dance\u00a0\u00bb de Castres. En 1993 elle obtient la troisi\u00e8me place du Championnat de France en \u00ab\u00a0Dancing\u00a0\u00bb et &hellip; <\/p>\n<p class=\"link-more\"><a href=\"https:\/\/latinnrock.fr\/index.php\/rock\/\" class=\"more-link\">Continuer la lecture<span class=\"screen-reader-text\"> de &laquo;&nbsp;Laurie VIDAL&nbsp;&raquo;<\/span><\/a><\/p>\n","protected":false},"author":1,"featured_media":0,"parent":0,"menu_order":0,"comment_status":"closed","ping_status":"closed","template":"","meta":{"footnotes":""},"class_list":["post-95","page","type-page","status-publish","hentry"],"_links":{"self":[{"href":"https:\/\/latinnrock.fr\/index.php\/wp-json\/wp\/v2\/pages\/95","targetHints":{"allow":["GET"]}}],"collection":[{"href":"https:\/\/latinnrock.fr\/index.php\/wp-json\/wp\/v2\/pages"}],"about":[{"href":"https:\/\/latinnrock.fr\/index.php\/wp-json\/wp\/v2\/types\/page"}],"author":[{"embeddable":true,"href":"https:\/\/latinnrock.fr\/index.php\/wp-json\/wp\/v2\/users\/1"}],"replies":[{"embeddable":true,"href":"https:\/\/latinnrock.fr\/index.php\/wp-json\/wp\/v2\/comments?post=95"}],"version-history":[{"count":8,"href":"https:\/\/latinnrock.fr\/index.php\/wp-json\/wp\/v2\/pages\/95\/revisions"}],"predecessor-version":[{"id":836,"href":"https:\/\/latinnrock.fr\/index.php\/wp-json\/wp\/v2\/pages\/95\/revisions\/836"}],"wp:attachment":[{"href":"https:\/\/latinnrock.fr\/index.php\/wp-json\/wp\/v2\/media?parent=95"}],"curies":[{"name":"wp","href":"https:\/\/api.w.org\/{rel}","templated":true}]}}