{"id":99,"date":"2024-06-06T15:38:47","date_gmt":"2024-06-06T13:38:47","guid":{"rendered":"https:\/\/latinnrock.fr\/?page_id=99"},"modified":"2024-08-04T13:40:27","modified_gmt":"2024-08-04T11:40:27","slug":"comment-sinscrire","status":"publish","type":"page","link":"https:\/\/latinnrock.fr\/index.php\/comment-sinscrire\/","title":{"rendered":"Comment s&rsquo;inscrire ?"},"content":{"rendered":"\n<p><\/p>\n\n\n\n<p class=\"has-text-align-left\">Si vous souhaitez vous inscrire \u00e0 nos cours, il suffit de demander votre fiche d&rsquo;inscription et nous la transmettre afin de r\u00e9server au plus t\u00f4t votre place. <\/p>\n\n\n\n<p class=\"has-text-align-center\">par T\u00e9l\u00e9phone <\/p>\n\n\n<div class=\"wp-block-image\">\n<figure class=\"aligncenter\"><img decoding=\"async\" src=\"https:\/\/static.xx.fbcdn.net\/rsrc.php\/v3\/yT\/r\/Dc7-7AgwkwS.png\" alt=\"\"\/><\/figure>\n<\/div>\n\n\n<p class=\"has-text-align-center\">06 14 45 13 60<\/p>\n\n\n\n<p class=\"has-text-align-center\">ou par mail :<\/p>\n\n\n<div class=\"wp-block-image\">\n<figure class=\"aligncenter\"><img decoding=\"async\" src=\"https:\/\/static.xx.fbcdn.net\/rsrc.php\/v3\/yE\/r\/2PIcyqpptfD.png\" alt=\"\"\/><\/figure>\n<\/div>\n\n\n<p class=\"has-text-align-center\"><a href=\"mailto:latinnrock81@gmail.com\" target=\"_blank\" rel=\"noreferrer noopener\">latinnrock81@gmail.com<\/a><\/p>\n\n\n\n<hr class=\"wp-block-separator aligncenter has-alpha-channel-opacity\"\/>\n\n\n<div class=\"wp-block-image\">\n<figure class=\"aligncenter size-full\"><img loading=\"lazy\" decoding=\"async\" width=\"600\" height=\"503\" src=\"https:\/\/latinnrock.fr\/wp-content\/uploads\/2024\/06\/inscriptions.jpg\" alt=\"\" class=\"wp-image-67\" srcset=\"https:\/\/latinnrock.fr\/wp-content\/uploads\/2024\/06\/inscriptions.jpg 600w, https:\/\/latinnrock.fr\/wp-content\/uploads\/2024\/06\/inscriptions-300x252.jpg 300w\" sizes=\"auto, (max-width: 600px) 100vw, 600px\" \/><\/figure>\n<\/div>\n\n\n<hr class=\"wp-block-separator aligncenter has-alpha-channel-opacity\"\/>\n","protected":false},"excerpt":{"rendered":"<p>Si vous souhaitez vous inscrire \u00e0 nos cours, il suffit de demander votre fiche d&rsquo;inscription et nous la transmettre afin de r\u00e9server au plus t\u00f4t votre place. par T\u00e9l\u00e9phone 06 14 45 13 60 ou par mail : latinnrock81@gmail.com<\/p>\n","protected":false},"author":1,"featured_media":0,"parent":0,"menu_order":0,"comment_status":"closed","ping_status":"closed","template":"","meta":{"footnotes":""},"class_list":["post-99","page","type-page","status-publish","hentry"],"_links":{"self":[{"href":"https:\/\/latinnrock.fr\/index.php\/wp-json\/wp\/v2\/pages\/99","targetHints":{"allow":["GET"]}}],"collection":[{"href":"https:\/\/latinnrock.fr\/index.php\/wp-json\/wp\/v2\/pages"}],"about":[{"href":"https:\/\/latinnrock.fr\/index.php\/wp-json\/wp\/v2\/types\/page"}],"author":[{"embeddable":true,"href":"https:\/\/latinnrock.fr\/index.php\/wp-json\/wp\/v2\/users\/1"}],"replies":[{"embeddable":true,"href":"https:\/\/latinnrock.fr\/index.php\/wp-json\/wp\/v2\/comments?post=99"}],"version-history":[{"count":6,"href":"https:\/\/latinnrock.fr\/index.php\/wp-json\/wp\/v2\/pages\/99\/revisions"}],"predecessor-version":[{"id":548,"href":"https:\/\/latinnrock.fr\/index.php\/wp-json\/wp\/v2\/pages\/99\/revisions\/548"}],"wp:attachment":[{"href":"https:\/\/latinnrock.fr\/index.php\/wp-json\/wp\/v2\/media?parent=99"}],"curies":[{"name":"wp","href":"https:\/\/api.w.org\/{rel}","templated":true}]}}